{"id":1636,"date":"2023-09-07T17:49:27","date_gmt":"2023-09-07T17:49:27","guid":{"rendered":"https:\/\/www.studiokokos.cz\/?page_id=1636"},"modified":"2023-09-07T18:05:02","modified_gmt":"2023-09-07T18:05:02","slug":"tomas-doktor","status":"publish","type":"page","link":"https:\/\/www.studiokokos.cz\/index.php\/tomas-doktor\/","title":{"rendered":"Tom\u00e1\u0161 Doktor"},"content":{"rendered":"<p><img loading=\"lazy\" class=\"wp-image-1637 alignleft\" src=\"http:\/\/www.studiokokos.cz\/wp-content\/uploads\/2023\/09\/received_539784664000063.jpeg\" alt=\"\" width=\"321\" height=\"217\" \/><\/p>\n<p>Tom\u00e1\u0161 nab\u00edz\u00ed lekce kytary, za\u010d\u00e1tky mandoliny.<\/p>\n<p>Pro z\u00e1jemce m\u00e1 \u010das v p\u00e1tek p\u0159\u00edpadn\u011b v sobotu.<\/p>\n<p>(Z\u00e1jemci, vypl\u0148te formul\u00e1\u0159 s <a href=\"https:\/\/docs.google.com\/forms\/d\/e\/1FAIpQLSfuzJJMdtDxLvuTrfGodEJzIWHozvZf6rrbmZOih1oWxYV-Vg\/viewform?usp=sf_link\" target=\"_blank\" rel=\"noopener\">\u017e\u00e1dost\u00ed o za\u0159ezen\u00ed do v\u00fduky<\/a>)<\/p>\n<p>&nbsp;<\/p>\n<p>&nbsp;<\/p>\n<hr \/>\n<p><strong>Co \u0159\u00edk\u00e1 Tom o sob\u011b?<\/strong><\/p>\n<p>Kytarista, Mandol\u00ednista, Zp\u011bv\u00e1k a P\u00edsni\u010dk\u00e1\u0159<\/p>\n<p>U\u017e je to n\u011bco p\u0159es dek\u00e1du a ke kyta\u0159e jako \u201ehlavn\u00edmu zam\u011b\u0159en\u00ed\u201c jsem b\u011bhem t\u00e9 doby p\u0159idal i dal\u0161\u00ed<br \/>\nn\u00e1stroje; mandol\u00edna, basa, pi\u00e1no\u2026<\/p>\n<p>Ve voln\u00e9m \u010dase si vytv\u00e1\u0159\u00edm aran\u017ee zn\u00e1m\u00fdch i nezn\u00e1m\u00fdch p\u00edsni\u010dek a s\u00e1m i v\u00a0kapele skl\u00e1d\u00e1m p\u00edsn\u011b<br \/>\nvlastn\u00ed.<\/p>\n<ul>\n<li>\u00da\u010dast a ocen\u011bn\u00ed na hudebn\u00edch sout\u011b\u017e\u00edch (P\u00f3diov\u00e1 um\u00edst\u011bn\u00ed, skladba, kytara, zp\u011bv)<\/li>\n<li>Sou\u010dasn\u00e9 hudebn\u00ed p\u016fsoben\u00ed v kapele KTZ \u2013 Klub Tajn\u00fdch Zahradn\u00edk\u016f a jako p\u00edsni\u010dk\u00e1\u0159 Tom\u00e1\u0161<br \/>\nDoktor<br \/>\nPro\u0161el jsem si jak d\u016fkladnou samoukou, tak studiem ve Studiu Kokos a DDM Vik\u00fd\u0159, kde jsem n\u00e1sledn\u011b<br \/>\n3 roky vyu\u010doval hru na kytaru takzvan\u011b DDD. (D\u011bti, dorost a dosp\u011bl\u00e9)<\/li>\n<li>Lektorsk\u00e9 zku\u0161enosti: 4 roky kytara, 2 roky anglick\u00fd jazyk, 5 let t\u00e1borov\u00fd vedouc\u00ed<br \/>\n\u017d\u00e1ky se sna\u017e\u00edm v\u00e9st k\u00a0samostatnosti. A\u0165 si vyberou co cht\u011bj\u00ed hr\u00e1t, zvl\u00e1dnou si zabrat i p\u0159ed publikem<br \/>\n(a\u0165 u\u017e je to na p\u00f3diu nebo u k\u00e1mo\u0161e v\u00a0ob\u00fdv\u00e1ku) a hlavn\u011b a\u0165 je to bav\u00ed!<\/li>\n<\/ul>\n<p>R\u00e1d t\u011b uvid\u00edm s\u00a0kytarou nebo mandol\u00ednou v\u00a0p\u00e1tek nebo t\u0159eba v\u00a0sobotu \ud83d\ude09<br \/>\nPac a pusu &#8211; Tom<img loading=\"lazy\" class=\"aligncenter wp-image-1638\" src=\"http:\/\/www.studiokokos.cz\/wp-content\/uploads\/2023\/09\/IMG_20220112_140322_851-scaled.jpg\" alt=\"\" width=\"305\" height=\"305\" srcset=\"https:\/\/www.studiokokos.cz\/wp-content\/uploads\/2023\/09\/IMG_20220112_140322_851-scaled.jpg 2560w, https:\/\/www.studiokokos.cz\/wp-content\/uploads\/2023\/09\/IMG_20220112_140322_851-300x300.jpg 300w, https:\/\/www.studiokokos.cz\/wp-content\/uploads\/2023\/09\/IMG_20220112_140322_851-1024x1024.jpg 1024w, https:\/\/www.studiokokos.cz\/wp-content\/uploads\/2023\/09\/IMG_20220112_140322_851-150x150.jpg 150w, https:\/\/www.studiokokos.cz\/wp-content\/uploads\/2023\/09\/IMG_20220112_140322_851-768x768.jpg 768w, https:\/\/www.studiokokos.cz\/wp-content\/uploads\/2023\/09\/IMG_20220112_140322_851-1536x1536.jpg 1536w, https:\/\/www.studiokokos.cz\/wp-content\/uploads\/2023\/09\/IMG_20220112_140322_851-2048x2048.jpg 2048w, https:\/\/www.studiokokos.cz\/wp-content\/uploads\/2023\/09\/IMG_20220112_140322_851-1320x1320.jpg 1320w, https:\/\/www.studiokokos.cz\/wp-content\/uploads\/2023\/09\/IMG_20220112_140322_851-100x100.jpg 100w\" sizes=\"(max-width: 305px) 100vw, 305px\" \/><\/p>\n","protected":false},"excerpt":{"rendered":"<p>Tom\u00e1\u0161 nab\u00edz\u00ed lekce kytary, za\u010d\u00e1tky mandoliny. Pro z\u00e1jemce m\u00e1 \u010das v p\u00e1tek p\u0159\u00edpadn\u011b v sobotu. (Z\u00e1jemci, vypl\u0148te formul\u00e1\u0159 s \u017e\u00e1dost\u00ed o za\u0159ezen\u00ed do v\u00fduky) &nbsp; &nbsp; Co \u0159\u00edk\u00e1 Tom o sob\u011b? Kytarista, Mandol\u00ednista, Zp\u011bv\u00e1k a P\u00edsni\u010dk\u00e1\u0159 U\u017e je to n\u011bco &hellip; <a href=\"https:\/\/www.studiokokos.cz\/index.php\/tomas-doktor\/\">Cel\u00fd p\u0159\u00edsp\u011bvek <span class=\"meta-nav\">&rarr;<\/span><\/a><\/p>\n","protected":false},"author":1,"featured_media":0,"parent":0,"menu_order":0,"comment_status":"closed","ping_status":"closed","template":"","meta":{"spay_email":""},"_links":{"self":[{"href":"https:\/\/www.studiokokos.cz\/index.php\/wp-json\/wp\/v2\/pages\/1636"}],"collection":[{"href":"https:\/\/www.studiokokos.cz\/index.php\/wp-json\/wp\/v2\/pages"}],"about":[{"href":"https:\/\/www.studiokokos.cz\/index.php\/wp-json\/wp\/v2\/types\/page"}],"author":[{"embeddable":true,"href":"https:\/\/www.studiokokos.cz\/index.php\/wp-json\/wp\/v2\/users\/1"}],"replies":[{"embeddable":true,"href":"https:\/\/www.studiokokos.cz\/index.php\/wp-json\/wp\/v2\/comments?post=1636"}],"version-history":[{"count":2,"href":"https:\/\/www.studiokokos.cz\/index.php\/wp-json\/wp\/v2\/pages\/1636\/revisions"}],"predecessor-version":[{"id":1644,"href":"https:\/\/www.studiokokos.cz\/index.php\/wp-json\/wp\/v2\/pages\/1636\/revisions\/1644"}],"wp:attachment":[{"href":"https:\/\/www.studiokokos.cz\/index.php\/wp-json\/wp\/v2\/media?parent=1636"}],"curies":[{"name":"wp","href":"https:\/\/api.w.org\/{rel}","templated":true}]}}