{"id":1856,"date":"2024-11-21T08:35:20","date_gmt":"2024-11-21T08:35:20","guid":{"rendered":"https:\/\/www.studiokokos.cz\/?page_id=1856"},"modified":"2024-11-21T08:57:14","modified_gmt":"2024-11-21T08:57:14","slug":"kokos-ples","status":"publish","type":"page","link":"https:\/\/www.studiokokos.cz\/index.php\/kokos-ples\/","title":{"rendered":"Kokos Ples"},"content":{"rendered":"<h1 style=\"text-align: center;\"><span style=\"color: #33cccc;\"><strong>Kokos ples<\/strong><\/span><\/h1>\n<p>Ve spolupr\u00e1ci s <a href=\"http:\/\/www.sokol-kokonin.cz\">TJ Sokol Kokon\u00edn<\/a> uv\u00e1d\u00edme prvn\u00ed ro\u010dn\u00edk hudebn\u00ed z\u00e1bavy ovon\u011bn\u00e9 \u0161vihlost\u00ed Kokosu a s tvarem plesu \ud83d\ude09 M\u00e1te se na co t\u011b\u0161it!<\/p>\n<p>Program a plesov\u00e9 bonusy budeme pr\u016fb\u011b\u017en\u011b zve\u0159ej\u0148ovat na facebookov\u00e9 ud\u00e1losti <a href=\"https:\/\/www.facebook.com\/events\/973809457914174\/?acontext=%7B%22event_action_history%22%3A[%7B%22extra_data%22%3A%22%22%2C%22mechanism%22%3A%22your_upcoming_events_unit%22%2C%22surface%22%3A%22bookmark%22%7D%2C%7B%22extra_data%22%3A%22%22%2C%22mechanism%22%3A%22surface%22%2C%22surface%22%3A%22permalink%22%7D%2C%7B%22extra_data%22%3A%22%22%2C%22mechanism%22%3A%22surface%22%2C%22surface%22%3A%22edit_dialog%22%7D]%2C%22ref_notif_type%22%3Anull%7D\">KOKOS PLES v Kokon\u00edn\u011b<\/a>.<\/p>\n<p class=\"cvGsUA direction-ltr align-center para-style-body\"><span class=\"OYPEnA font-feature-liga-off font-feature-clig-off font-feature-calt-off text-decoration-none text-strikethrough-none\">Vstupn\u00e9: <\/span><span class=\"OYPEnA font-feature-liga-off font-feature-clig-off font-feature-calt-off text-decoration-none text-strikethrough-none\"><strong>240,-<\/strong> K\u010d p\u0159i koupi l\u00edstku v prosinci, <\/span><span class=\"OYPEnA font-feature-liga-off font-feature-clig-off font-feature-calt-off text-decoration-none text-strikethrough-none\"><strong>280,-<\/strong> K\u010d p\u0159i koupi l\u00edstku a\u017e v lednu.\u00a0<\/span><\/p>\n<p><strong>L\u00edstky k dost\u00e1n\u00ed<\/strong> v Sokolovn\u011b v restauraci a ve Studiu Kokos, na tel.\u010d\u00edsle 774 254 243<\/p>\n<p><img loading=\"lazy\" class=\"aligncenter size-full wp-image-1860\" src=\"http:\/\/www.studiokokos.cz\/wp-content\/uploads\/2024\/11\/Kokos-ples.png\" alt=\"\" width=\"1414\" height=\"2000\" srcset=\"https:\/\/www.studiokokos.cz\/wp-content\/uploads\/2024\/11\/Kokos-ples.png 1414w, https:\/\/www.studiokokos.cz\/wp-content\/uploads\/2024\/11\/Kokos-ples-212x300.png 212w, https:\/\/www.studiokokos.cz\/wp-content\/uploads\/2024\/11\/Kokos-ples-724x1024.png 724w, https:\/\/www.studiokokos.cz\/wp-content\/uploads\/2024\/11\/Kokos-ples-768x1086.png 768w, https:\/\/www.studiokokos.cz\/wp-content\/uploads\/2024\/11\/Kokos-ples-1086x1536.png 1086w, https:\/\/www.studiokokos.cz\/wp-content\/uploads\/2024\/11\/Kokos-ples-1320x1867.png 1320w, https:\/\/www.studiokokos.cz\/wp-content\/uploads\/2024\/11\/Kokos-ples-300x424.png 300w\" sizes=\"(max-width: 1414px) 100vw, 1414px\" \/><\/p>\n","protected":false},"excerpt":{"rendered":"<p>Kokos ples Ve spolupr\u00e1ci s TJ Sokol Kokon\u00edn uv\u00e1d\u00edme prvn\u00ed ro\u010dn\u00edk hudebn\u00ed z\u00e1bavy ovon\u011bn\u00e9 \u0161vihlost\u00ed Kokosu a s tvarem plesu \ud83d\ude09 M\u00e1te se na co t\u011b\u0161it! Program a plesov\u00e9 bonusy budeme pr\u016fb\u011b\u017en\u011b zve\u0159ej\u0148ovat na facebookov\u00e9 ud\u00e1losti KOKOS PLES v Kokon\u00edn\u011b. &hellip; <a href=\"https:\/\/www.studiokokos.cz\/index.php\/kokos-ples\/\">Cel\u00fd p\u0159\u00edsp\u011bvek <span class=\"meta-nav\">&rarr;<\/span><\/a><\/p>\n","protected":false},"author":1,"featured_media":0,"parent":0,"menu_order":0,"comment_status":"closed","ping_status":"closed","template":"","meta":{"spay_email":""},"_links":{"self":[{"href":"https:\/\/www.studiokokos.cz\/index.php\/wp-json\/wp\/v2\/pages\/1856"}],"collection":[{"href":"https:\/\/www.studiokokos.cz\/index.php\/wp-json\/wp\/v2\/pages"}],"about":[{"href":"https:\/\/www.studiokokos.cz\/index.php\/wp-json\/wp\/v2\/types\/page"}],"author":[{"embeddable":true,"href":"https:\/\/www.studiokokos.cz\/index.php\/wp-json\/wp\/v2\/users\/1"}],"replies":[{"embeddable":true,"href":"https:\/\/www.studiokokos.cz\/index.php\/wp-json\/wp\/v2\/comments?post=1856"}],"version-history":[{"count":3,"href":"https:\/\/www.studiokokos.cz\/index.php\/wp-json\/wp\/v2\/pages\/1856\/revisions"}],"predecessor-version":[{"id":1861,"href":"https:\/\/www.studiokokos.cz\/index.php\/wp-json\/wp\/v2\/pages\/1856\/revisions\/1861"}],"wp:attachment":[{"href":"https:\/\/www.studiokokos.cz\/index.php\/wp-json\/wp\/v2\/media?parent=1856"}],"curies":[{"name":"wp","href":"https:\/\/api.w.org\/{rel}","templated":true}]}}