{"id":343,"date":"2019-08-31T07:30:27","date_gmt":"2019-08-31T07:30:27","guid":{"rendered":"http:\/\/www.studiokokos.cz\/?page_id=343"},"modified":"2024-10-07T18:05:28","modified_gmt":"2024-10-07T18:05:28","slug":"vyuka-2","status":"publish","type":"page","link":"https:\/\/www.studiokokos.cz\/index.php\/vyuka-2\/","title":{"rendered":"V\u00fduka"},"content":{"rendered":"<p style=\"text-align: center;\">V na\u0161em hudebn\u00edm studiu se m\u016f\u017eete p\u0159ihl\u00e1sit na hudebn\u00ed kurzy s lektory, kte\u0159\u00ed se muzice v\u011bnuj\u00ed aktivn\u011b. Jsme t\u00fdm mlad\u00fdch lid\u00ed a jedn\u00edm z na\u0161ich c\u00edl\u016f je ve\u0159ejn\u00e9 vystupov\u00e1n\u00ed na\u0161ich \u017e\u00e1k\u016f, p\u0159\u00edpadn\u011b kapel, kter\u00e9 u n\u00e1s vznikaj\u00ed. P\u0159eva\u017euj\u00ed u n\u00e1s \u017e\u00e1ci \u0161kolou povinn\u00ed. Dve\u0159e jsou otev\u0159en\u00e9 ale i pro dosp\u011bl\u00e9 bez v\u011bkov\u00e9ho omezen\u00ed. Pro p\u0159ed\u0161kol\u00e1ky m\u00e1me v p\u0159\u00edpad\u011b z\u00e1jmu p\u0159\u00edpravku. Rozvrhy \u0159e\u0161\u00edme b\u011bhem z\u00e1\u0159\u00ed, podle mo\u017enost\u00ed lektor\u016f, u\u010deben a rozvrhu \u017e\u00e1k\u016f.<\/p>\n<p style=\"text-align: center;\">Nejsme v\u00e1zan\u00ed \u017e\u00e1dn\u00fdmi p\u0159edepsan\u00fdmi osnovami, tak m\u016f\u017eeme v\u00fduku p\u0159izp\u016fsobit dle p\u0159\u00e1n\u00ed \u017e\u00e1ka. Netrv\u00e1me na v\u00fduce nauky, ale sna\u017e\u00edme se v r\u00e1mci hodin jej\u00ed z\u00e1klady \u017e\u00e1k\u016fm postupn\u011b d\u00e1vkovat \ud83d\ude42<\/p>\n<p style=\"text-align: center;\"><a href=\"http:\/\/www.studiokokos.cz\/index.php\/vyuka\/\">Obecn\u00fd p\u0159ehled lekc\u00ed<\/a><\/p>\n<p style=\"text-align: center;\"><a href=\"http:\/\/www.studiokokos.cz\/index.php\/lektori\/\">Na\u0161i lekto\u0159i<\/a><\/p>\n<p style=\"text-align: center;\"><a href=\"https:\/\/www.studiokokos.cz\/index.php\/cenik\/\">Cen\u00edk<\/a><\/p>\n<p style=\"text-align: center;\"><a href=\"http:\/\/www.studiokokos.cz\/index.php\/platba-a-cenik\/\" target=\"_blank\" rel=\"noopener noreferrer\">Platba<\/a><\/p>\n<p style=\"text-align: center;\"><a href=\"http:\/\/www.studiokokos.cz\/index.php\/omluvy\/\" target=\"_blank\" rel=\"noopener noreferrer\">Omluvy<\/a><\/p>\n<p>&nbsp;<\/p>\n<p>&nbsp;<\/p>\n<p>&nbsp;<\/p>\n<p>&nbsp;<\/p>\n","protected":false},"excerpt":{"rendered":"<p>V na\u0161em hudebn\u00edm studiu se m\u016f\u017eete p\u0159ihl\u00e1sit na hudebn\u00ed kurzy s lektory, kte\u0159\u00ed se muzice v\u011bnuj\u00ed aktivn\u011b. Jsme t\u00fdm mlad\u00fdch lid\u00ed a jedn\u00edm z na\u0161ich c\u00edl\u016f je ve\u0159ejn\u00e9 vystupov\u00e1n\u00ed na\u0161ich \u017e\u00e1k\u016f, p\u0159\u00edpadn\u011b kapel, kter\u00e9 u n\u00e1s vznikaj\u00ed. P\u0159eva\u017euj\u00ed u n\u00e1s &hellip; <a href=\"https:\/\/www.studiokokos.cz\/index.php\/vyuka-2\/\">Cel\u00fd p\u0159\u00edsp\u011bvek <span class=\"meta-nav\">&rarr;<\/span><\/a><\/p>\n","protected":false},"author":1,"featured_media":0,"parent":0,"menu_order":0,"comment_status":"closed","ping_status":"closed","template":"","meta":{"spay_email":""},"_links":{"self":[{"href":"https:\/\/www.studiokokos.cz\/index.php\/wp-json\/wp\/v2\/pages\/343"}],"collection":[{"href":"https:\/\/www.studiokokos.cz\/index.php\/wp-json\/wp\/v2\/pages"}],"about":[{"href":"https:\/\/www.studiokokos.cz\/index.php\/wp-json\/wp\/v2\/types\/page"}],"author":[{"embeddable":true,"href":"https:\/\/www.studiokokos.cz\/index.php\/wp-json\/wp\/v2\/users\/1"}],"replies":[{"embeddable":true,"href":"https:\/\/www.studiokokos.cz\/index.php\/wp-json\/wp\/v2\/comments?post=343"}],"version-history":[{"count":1,"href":"https:\/\/www.studiokokos.cz\/index.php\/wp-json\/wp\/v2\/pages\/343\/revisions"}],"predecessor-version":[{"id":1838,"href":"https:\/\/www.studiokokos.cz\/index.php\/wp-json\/wp\/v2\/pages\/343\/revisions\/1838"}],"wp:attachment":[{"href":"https:\/\/www.studiokokos.cz\/index.php\/wp-json\/wp\/v2\/media?parent=343"}],"curies":[{"name":"wp","href":"https:\/\/api.w.org\/{rel}","templated":true}]}}