{"id":376,"date":"2019-09-02T12:40:12","date_gmt":"2019-09-02T12:40:12","guid":{"rendered":"http:\/\/www.studiokokos.cz\/?page_id=376"},"modified":"2024-08-27T19:28:04","modified_gmt":"2024-08-27T19:28:04","slug":"annie-pity-skodova","status":"publish","type":"page","link":"https:\/\/www.studiokokos.cz\/index.php\/annie-pity-skodova\/","title":{"rendered":"Annie Pity \u0160kodov\u00e1"},"content":{"rendered":"<p>Annie se specializuje na hru na klav\u00edr, ukulele a zp\u011bv. Vede Sbor studia kokos.<\/p>\n<p>S \u017e\u00e1dost\u00ed o hodiny u Annie v n\u00ed\u017ee uveden\u00fdch \u010dasech, kontaktujte p\u0159\u00edmo ji na uveden\u00e9m telefonn\u00edm \u010d\u00edsle. D\u011bkujeme.<\/p>\n<p><a href=\"http:\/\/www.studiokokos.cz\/index.php\/cenik\/\">Ceny lekc\u00ed naleznete zde.<\/a><\/p>\n<table>\n<tbody>\n<tr>\n<td colspan=\"2\" width=\"614\">\n<h1>Annie Pity \u0160kodov\u00e1 +420\u00a0721\u00a0016 281<\/h1>\n<p><span style=\"color: #ff0000;\">Pro \u0161koln\u00ed rok 2024\/25 m\u00e1 Annie individu\u00e1ln\u00ed lekce ji\u017e v\u0161echny obsazen\u00e9.<\/span><\/td>\n<\/tr>\n<tr>\n<td width=\"205\"><\/td>\n<td width=\"409\"><\/td>\n<\/tr>\n<tr>\n<td width=\"205\"><\/td>\n<td width=\"409\"><\/td>\n<\/tr>\n<\/tbody>\n<\/table>\n<h1>Muzikantsk\u00fd \u017eivotopis:<\/h1>\n<p>Pod um\u011bleck\u00fdm pseudonymem Annie Pity tvo\u0159\u00edm a prezentuji svou autorskou tvorbu. Hudbu skl\u00e1d\u00e1m od st\u0159edn\u00ed \u0161koly, vystupovat se sv\u00fdmi p\u00edsn\u011bmi jsem za\u010dala v roce 2016. <img loading=\"lazy\" class=\"wp-image-500 alignleft\" src=\"http:\/\/www.studiokokos.cz\/wp-content\/uploads\/2019\/09\/aninka.jpg\" alt=\"\" width=\"196\" height=\"196\" srcset=\"https:\/\/www.studiokokos.cz\/wp-content\/uploads\/2019\/09\/aninka.jpg 2500w, https:\/\/www.studiokokos.cz\/wp-content\/uploads\/2019\/09\/aninka-150x150.jpg 150w, https:\/\/www.studiokokos.cz\/wp-content\/uploads\/2019\/09\/aninka-100x100.jpg 100w, https:\/\/www.studiokokos.cz\/wp-content\/uploads\/2019\/09\/aninka-300x300.jpg 300w, https:\/\/www.studiokokos.cz\/wp-content\/uploads\/2019\/09\/aninka-768x768.jpg 768w, https:\/\/www.studiokokos.cz\/wp-content\/uploads\/2019\/09\/aninka-1024x1024.jpg 1024w\" sizes=\"(max-width: 196px) 100vw, 196px\" \/><\/p>\n<p>M\u00e1m absolvovan\u00e9 dva cykly ZU\u0160, po ukon\u010den\u00ed t\u011bchto cykl\u016f jsme i nad\u00e1le nav\u0161t\u011bvovala hudebn\u00ed \u0161kolu a vzd\u011bl\u00e1vala se ve h\u0159e na klav\u00edr jako dosp\u011bl\u00fd \u017e\u00e1k. I na V\u0160 jsem po dobu t\u0159\u00ed semestr\u016f nav\u0161t\u011bvovala nepovinn\u00e9 hodiny klav\u00edru. Na st\u0159edn\u00ed \u0161kole jsem spoluzalo\u017eila p\u011bveck\u00fd sbor a byla jeho korepetitorka a aran\u017e\u00e9rka. B\u011bhem studi\u00ed na V\u0160 jsem d\u00e1le pom\u00e1hala aran\u017eovat skladby pro komorn\u00ed sbor p\u0159i ZU\u0160, ze kter\u00e9ho se stala acapella skupina, ve kter\u00e9 st\u00e1le p\u016fsob\u00edm jako aran\u017e\u00e9rka zn\u00e1m\u00fdch popov\u00fdch skladeb do acapella \u00faprav.<\/p>\n<p>V letech 2015 &#8211; 2017 jsem vedla krou\u017eky klav\u00edru na z\u00e1kladn\u00edch \u0161kol\u00e1ch v Liberci. Od <img loading=\"lazy\" class=\"wp-image-501 alignright\" src=\"http:\/\/www.studiokokos.cz\/wp-content\/uploads\/2019\/09\/DSC01611.jpg\" alt=\"\" width=\"154\" height=\"184\" \/>\u0161koln\u00edho roku 2017\/2018 u\u010d\u00edm v hudebn\u00edm studiu Kokos v Jablonci nad Nisou zp\u011bv a hru na klav\u00edr a ukulele. Tento rok jsem za\u010dala p\u016fsobit i v p\u011bveck\u00e9m sboru studia Kokos.<\/p>\n<p>Minul\u00fd rok jsem se z\u00fa\u010dastnila p\u011bveck\u00e9 sout\u011b\u017ee Porta a postoupila do republikov\u00e9ho fin\u00e1le.<\/p>\n<p>Ka\u017edoro\u010dn\u011b se \u00fa\u010dastn\u00edm pouli\u010dn\u00edho um\u011bn\u00ed v Liberci, kter\u00e9 po\u0159\u00e1d\u00e1 knihkupectv\u00ed Fry\u010d, kde jsem v roce 2016 vystoupila na sv\u00e9m prvn\u00edm openmicu. Letos v b\u0159eznu jsme vystoupila jako hlavn\u00ed host. Zde m\u00e1m st\u00e1lej\u0161\u00ed anga\u017em\u00e1 ve form\u011b koncert\u016f a pouli\u010dn\u00edch hran\u00ed.<\/p>\n<p><img loading=\"lazy\" class=\"wp-image-502 alignleft\" src=\"http:\/\/www.studiokokos.cz\/wp-content\/uploads\/2019\/09\/PICT2680.jpg\" alt=\"\" width=\"182\" height=\"233\" \/><\/p>\n<p>Minul\u00fd rok jsem za\u010dala v\u00e9st soukrom\u00e9 hodiny hudby a angli\u010dtiny.<\/p>\n<p>V \u010dervnu 2019 jsme vydala sv\u016fj prvn\u00ed singl Be Mine.\u00a0<a href=\"https:\/\/www.youtube.com\/watch?v=nFJnN80k5lw\">https:\/\/www.youtube.com\/watch?v=nFJnN80k5lw<\/a><\/p>\n<p>Kr\u00e1tk\u00fd z\u00e1znam z koncertu u Fry\u010de 6.6. 2019\u00a0<a href=\"https:\/\/www.youtube.com\/watch?v=ZHE4Yncnw_Q\">https:\/\/www.youtube.com\/watch?v=ZHE4Yncnw_Q<\/a><\/p>\n<p>M\u00fdm c\u00edlem je veden\u00ed \u017e\u00e1k\u016f tak, aby je hudba bavila. Sna\u017e\u00edm se ke ka\u017ed\u00e9mu \u017e\u00e1kovi p\u0159istupovat individu\u00e1ln\u011b. Skladby vyb\u00edr\u00e1me spole\u010dn\u011b, sna\u017e\u00edm se v\u017edy vybrat to, co je \u017e\u00e1k\u016fm nejbli\u017e\u0161\u00ed. V\u00fdhrou pro m\u011b je, kdy\u017e student chod\u00ed r\u00e1d na hodiny, rozv\u00edj\u00ed sv\u016fj talent a p\u0159ekon\u00e1v\u00e1 s\u00e1m sebe, ne, proto\u017ee mus\u00ed, ale proto\u017ee s\u00e1m chce. \ud83d\ude42<\/p>\n","protected":false},"excerpt":{"rendered":"<p>Annie se specializuje na hru na klav\u00edr, ukulele a zp\u011bv. Vede Sbor studia kokos. S \u017e\u00e1dost\u00ed o hodiny u Annie v n\u00ed\u017ee uveden\u00fdch \u010dasech, kontaktujte p\u0159\u00edmo ji na uveden\u00e9m telefonn\u00edm \u010d\u00edsle. D\u011bkujeme. Ceny lekc\u00ed naleznete zde. Annie Pity \u0160kodov\u00e1 +420\u00a0721\u00a0016 &hellip; <a href=\"https:\/\/www.studiokokos.cz\/index.php\/annie-pity-skodova\/\">Cel\u00fd p\u0159\u00edsp\u011bvek <span class=\"meta-nav\">&rarr;<\/span><\/a><\/p>\n","protected":false},"author":1,"featured_media":0,"parent":0,"menu_order":0,"comment_status":"closed","ping_status":"closed","template":"","meta":{"spay_email":""},"_links":{"self":[{"href":"https:\/\/www.studiokokos.cz\/index.php\/wp-json\/wp\/v2\/pages\/376"}],"collection":[{"href":"https:\/\/www.studiokokos.cz\/index.php\/wp-json\/wp\/v2\/pages"}],"about":[{"href":"https:\/\/www.studiokokos.cz\/index.php\/wp-json\/wp\/v2\/types\/page"}],"author":[{"embeddable":true,"href":"https:\/\/www.studiokokos.cz\/index.php\/wp-json\/wp\/v2\/users\/1"}],"replies":[{"embeddable":true,"href":"https:\/\/www.studiokokos.cz\/index.php\/wp-json\/wp\/v2\/comments?post=376"}],"version-history":[{"count":2,"href":"https:\/\/www.studiokokos.cz\/index.php\/wp-json\/wp\/v2\/pages\/376\/revisions"}],"predecessor-version":[{"id":1804,"href":"https:\/\/www.studiokokos.cz\/index.php\/wp-json\/wp\/v2\/pages\/376\/revisions\/1804"}],"wp:attachment":[{"href":"https:\/\/www.studiokokos.cz\/index.php\/wp-json\/wp\/v2\/media?parent=376"}],"curies":[{"name":"wp","href":"https:\/\/api.w.org\/{rel}","templated":true}]}}