{"id":40,"date":"2018-02-16T12:19:42","date_gmt":"2018-02-16T12:19:42","guid":{"rendered":"http:\/\/www.studiokokos.cz\/?page_id=40"},"modified":"2019-08-31T07:41:25","modified_gmt":"2019-08-31T07:41:25","slug":"o-nas","status":"publish","type":"page","link":"https:\/\/www.studiokokos.cz\/index.php\/o-nas\/","title":{"rendered":"O n\u00e1s"},"content":{"rendered":"<p style=\"text-align: center;\">Jsme neziskov\u00e1 organizace, kter\u00e1 se v\u011bnuje hudebn\u00edmu vzd\u011bl\u00e1v\u00e1n\u00ed ml\u00e1de\u017ee a jin\u00fdm volno\u010dasov\u00fdm aktivit\u00e1m. Jsme parta mlad\u00fdch lid\u00ed z Jablonce nad nisou a na\u0161e pr\u00e1ce n\u00e1s bav\u00ed. Celoro\u010dn\u011b nab\u00edz\u00edme hudebn\u00ed kurzy zam\u011b\u0159uj\u00edc\u00ed se na kytaru, popul\u00e1rn\u00ed zp\u011bv, hru na piano, zobcov\u00e9 fl\u00e9tny, basu.. Um\u00edme p\u0159ipravit na p\u0159ij\u00edmac\u00ed zkou\u0161ky na konzervato\u0159, vznikaj\u00ed u n\u00e1s nov\u00e9 mlad\u00e9 kapely, kter\u00fdm pom\u00e1h\u00e1me s aran\u017eemi p\u00edsn\u00ed.<\/p>\n<p><img loading=\"lazy\" class=\"wp-image-47 aligncenter\" src=\"http:\/\/www.studiokokos.cz\/wp-content\/uploads\/2018\/02\/DSC02356.jpg\" alt=\"\" width=\"502\" height=\"284\" \/><\/p>\n<p>&nbsp;<\/p>\n<p style=\"text-align: center;\"><strong>Na\u0161e veden\u00ed\u00a0<\/strong><\/p>\n<p style=\"text-align: center;\"><strong>Ing. Alena Schernstein V\u00edtov\u00e1, DiS<\/strong><strong>.<\/strong><\/p>\n<p style=\"text-align: center;\">Inici\u00e1torka Studia KOKOS, absolventka Pra\u017esk\u00e9 Konzervato\u0159e oboru pop zp\u011bv, absolventka V\u0160E v Praze, obor Arts management. Od roku 1998 kapelnice kapely Ladybirds \/ Beru\u0161ky a \u010dlenka bluegrassov\u00e9 kapely BG Bazar. P\u0159\u00edle\u017eitostn\u011b zp\u011bva\u010dka kapely legend\u00e1rn\u00ed rockov\u00e9 kapely \u017d\u00edze\u0148 nebo p\u0159es plesovou sezonu zp\u011bva\u010dka Bohemia Univerzal Band.<\/p>\n<p style=\"text-align: center;\"><strong>Bc. Hanka \u010cern\u00e1 Jelinkov\u00e1<\/strong><\/p>\n<p style=\"text-align: center;\">Absolventka Technick\u00e9 Univerzity v Liberci obor\u00a0pedagogika voln\u00e9ho \u010dasu, \u010dlenka kapely Flastr.<\/p>\n<p style=\"text-align: center;\"><strong>Bc. Katka \u0160imonov\u00e1 \u0164ukalov\u00e1<\/strong><\/p>\n<p style=\"text-align: center;\">Absolventka Technick\u00e9 Univerzity v Liberci obor pedagogika voln\u00e9ho \u010dasu, programov\u00fd vedouc\u00ed doprovodn\u00fdch aktivit.<\/p>\n<p style=\"text-align: center;\"><strong><img loading=\"lazy\" class=\"size-full wp-image-49 aligncenter\" src=\"http:\/\/www.studiokokos.cz\/wp-content\/uploads\/2018\/02\/DSC01561-1.jpg\" alt=\"\" width=\"1629\" height=\"593\" srcset=\"https:\/\/www.studiokokos.cz\/wp-content\/uploads\/2018\/02\/DSC01561-1.jpg 1629w, https:\/\/www.studiokokos.cz\/wp-content\/uploads\/2018\/02\/DSC01561-1-300x109.jpg 300w, https:\/\/www.studiokokos.cz\/wp-content\/uploads\/2018\/02\/DSC01561-1-768x280.jpg 768w, https:\/\/www.studiokokos.cz\/wp-content\/uploads\/2018\/02\/DSC01561-1-1024x373.jpg 1024w, https:\/\/www.studiokokos.cz\/wp-content\/uploads\/2018\/02\/DSC01561-1-500x182.jpg 500w\" sizes=\"(max-width: 1629px) 100vw, 1629px\" \/>STUDIO KOKOS, z.s.<\/strong><\/p>\n<p style=\"text-align: center;\"><b>Hlavn\u00ed c\u00edle \u010dinnosti:<\/b><\/p>\n<p style=\"text-align: center;\">1) Sdru\u017eov\u00e1n\u00ed z\u00e1jemc\u016f o hudbu, divadlo, kulturu, historii a tanec.<\/p>\n<p style=\"text-align: center;\">2) Propagov\u00e1n\u00ed um\u011bn\u00ed<\/p>\n<p style=\"text-align: center;\">3) Prevence soci\u00e1ln\u011b patologick\u00fdch jev\u016f.<\/p>\n<p style=\"text-align: center;\">4) Podpora kreativity ml\u00e1de\u017ee.<\/p>\n<p style=\"text-align: center;\">5) Vytv\u00e1\u0159en\u00ed materi\u00e1ln\u00edch a organiza\u010dn\u00edch podm\u00ednek pro provozov\u00e1n\u00ed kulturn\u00edch a spole\u010densk\u00fdch aktivit.<\/p>\n<p style=\"text-align: center;\"><b>Vedlej\u0161\u00ed c\u00edle \u010dinnosti:<\/b><\/p>\n<p style=\"text-align: center;\">6) Po\u0159\u00e1d\u00e1n\u00ed a realizace um\u011bleck\u00fdch produkc\u00ed v\u010detn\u011b technick\u00e9ho \u010di dramaturgick\u00e9ho zaji\u0161t\u011bn\u00ed.<\/p>\n<p style=\"text-align: center;\">7) Po\u0159\u00e1d\u00e1n\u00ed celoro\u010dn\u00edch um\u011bleck\u00fdch kurz\u016f a d\u011btsk\u00fdch t\u00e1bor\u016f.<\/p>\n<p>&nbsp;<\/p>\n<p style=\"text-align: center;\"><a href=\"http:\/\/www.studiokokos.cz\/index.php\/dokumenty\/\">Dokumenty a materi\u00e1ly ke sta\u017een\u00ed.<\/a><\/p>\n","protected":false},"excerpt":{"rendered":"<p>Jsme neziskov\u00e1 organizace, kter\u00e1 se v\u011bnuje hudebn\u00edmu vzd\u011bl\u00e1v\u00e1n\u00ed ml\u00e1de\u017ee a jin\u00fdm volno\u010dasov\u00fdm aktivit\u00e1m. Jsme parta mlad\u00fdch lid\u00ed z Jablonce nad nisou a na\u0161e pr\u00e1ce n\u00e1s bav\u00ed. Celoro\u010dn\u011b nab\u00edz\u00edme hudebn\u00ed kurzy zam\u011b\u0159uj\u00edc\u00ed se na kytaru, popul\u00e1rn\u00ed zp\u011bv, hru na piano, zobcov\u00e9 &hellip; <a href=\"https:\/\/www.studiokokos.cz\/index.php\/o-nas\/\">Cel\u00fd p\u0159\u00edsp\u011bvek <span class=\"meta-nav\">&rarr;<\/span><\/a><\/p>\n","protected":false},"author":1,"featured_media":0,"parent":0,"menu_order":0,"comment_status":"closed","ping_status":"closed","template":"","meta":{"spay_email":""},"_links":{"self":[{"href":"https:\/\/www.studiokokos.cz\/index.php\/wp-json\/wp\/v2\/pages\/40"}],"collection":[{"href":"https:\/\/www.studiokokos.cz\/index.php\/wp-json\/wp\/v2\/pages"}],"about":[{"href":"https:\/\/www.studiokokos.cz\/index.php\/wp-json\/wp\/v2\/types\/page"}],"author":[{"embeddable":true,"href":"https:\/\/www.studiokokos.cz\/index.php\/wp-json\/wp\/v2\/users\/1"}],"replies":[{"embeddable":true,"href":"https:\/\/www.studiokokos.cz\/index.php\/wp-json\/wp\/v2\/comments?post=40"}],"version-history":[{"count":0,"href":"https:\/\/www.studiokokos.cz\/index.php\/wp-json\/wp\/v2\/pages\/40\/revisions"}],"wp:attachment":[{"href":"https:\/\/www.studiokokos.cz\/index.php\/wp-json\/wp\/v2\/media?parent=40"}],"curies":[{"name":"wp","href":"https:\/\/api.w.org\/{rel}","templated":true}]}}