{"id":562,"date":"2019-10-03T21:13:42","date_gmt":"2019-10-03T21:13:42","guid":{"rendered":"http:\/\/www.studiokokos.cz\/?page_id=562"},"modified":"2026-04-16T10:26:45","modified_gmt":"2026-04-16T10:26:45","slug":"informace-pro-prihlasene","status":"publish","type":"page","link":"https:\/\/www.studiokokos.cz\/index.php\/informace-pro-prihlasene\/","title":{"rendered":"Informace pro p\u0159ihl\u00e1\u0161en\u00e9 na hudebn\u00ed v\u00edkend do 18let"},"content":{"rendered":"<h2>FASHION HUDEBN\u00cd V\u00cdKEND<\/h2>\n<p>Informace pro p\u0159ihl\u00e1\u0161en\u00e9<\/p>\n<p><img loading=\"lazy\" class=\"aligncenter size-full wp-image-2012\" src=\"http:\/\/www.studiokokos.cz\/wp-content\/uploads\/2026\/01\/Fashion-hudebni-vikend.png\" alt=\"\" width=\"940\" height=\"788\" srcset=\"https:\/\/www.studiokokos.cz\/wp-content\/uploads\/2026\/01\/Fashion-hudebni-vikend.png 940w, https:\/\/www.studiokokos.cz\/wp-content\/uploads\/2026\/01\/Fashion-hudebni-vikend-300x251.png 300w, https:\/\/www.studiokokos.cz\/wp-content\/uploads\/2026\/01\/Fashion-hudebni-vikend-768x644.png 768w, https:\/\/www.studiokokos.cz\/wp-content\/uploads\/2026\/01\/Fashion-hudebni-vikend-358x300.png 358w\" sizes=\"(max-width: 940px) 100vw, 940px\" \/><\/p>\n<p><strong>Term\u00edn: 17. &#8211; 19. 4. 2026<\/strong><\/p>\n<p><strong>Cena:\u00a0<\/strong><strong>35<\/strong><b>00,- pro pravideln\u00e9 n\u00e1v\u0161t\u011bvn\u00edky hudebn\u00edho Studia Kokos, z. s.\u00a0<\/b><b>, <\/b><b>3800,- pro ostatn\u00ed z\u00e1jemce.<\/b><\/p>\n<p>Z t\u00e9to \u010d\u00e1stky je<b> 1500,- nevratn\u00e1 z\u00e1loha, kterou je nutn\u00e9 uhradit po zasl\u00e1n\u00ed p\u0159ihl\u00e1\u0161ky;<\/b> doplatek sta\u010d\u00ed p\u0159i n\u00e1stupu na hudebn\u00ed v\u00edkend. Lze zaslat i celou \u010d\u00e1stku na \u00fa\u010det, p\u0159i\u010dem\u017e nevratn\u00fdch z\u016fst\u00e1v\u00e1 1500,-.<\/p>\n<div>\n<p><span style=\"color: #008000;\"><b>\u010c\u00edslo \u00fa\u010dtu: 2400531774\/2010<br \/>\nVS: 170426<br \/>\nVzkaz pro p\u0159\u00edjemce: jm\u00e9no \u00fa\u010dastn\u00edka.<\/b><\/span><\/p>\n<\/div>\n<p>V cen\u011b:<\/p>\n<ul>\n<li>Ubytov\u00e1n\u00ed v chat\u011b s plnou penz\u00ed (j\u00eddlo 5x denn\u011b + pitn\u00fd re\u017eim)<\/li>\n<li>Slu\u017eby lektor\u016f, lekce dle zam\u011b\u0159en\u00ed \u00fa\u010dastn\u00edka<\/li>\n<li>Hra na zvukov\u00fd apar\u00e1t se zvuka\u0159em<\/li>\n<li>Sout\u011b\u017ee a hry, pom\u016fcky, odm\u011bny<\/li>\n<li>Z\u00e1v\u011bre\u010dn\u00fd koncert pro rodi\u010de (ned\u011ble odpoledne)<\/li>\n<\/ul>\n<h2>T\u00e9ma, kost\u00fdm<\/h2>\n<p><span style=\"color: #008080;\">Fashion (m\u00f3da v\u0161eho druhu. Budeme vyr\u00e1b\u011bt, tak klidn\u011b vemte kousky, do kter\u00fdch lze st\u0159\u00edhnout, nebo na n\u011b kreslit, p\u0159\u00edpadn\u011b materi\u00e1l a dopl\u0148ky, kter\u00e9 mohou vyroben\u00fd kost\u00fdm doplnit \ud83d\ude09 )<\/span><\/p>\n<h2>Kde<\/h2>\n<p>na Mal\u00e9 Sk\u00e1le v <a href=\"https:\/\/www.hotelkavka.cz\/\" target=\"_blank\" rel=\"noopener\">Hotelu Kavka<\/a><\/p>\n<p><i class=\"icon-location\"><\/i>Adresa: Hotel Kavka, Mal\u00e1 Sk\u00e1la 159, Vranov\u00e9 II. d\u00edl, \u017delezn\u00fd Brod, 468 22<\/p>\n<h2>N\u00e1stup a odjezd<\/h2>\n<p>N\u00e1stup na penzion <strong>v p\u00e1tek mezi 17-18h<\/strong>.<\/p>\n<p>Kon\u010dit\u00a0budeme\u00a0v\u00a0ned\u011bli\u00a0z\u00e1v\u011bre\u010dn\u00fdm\u00a0<span style=\"color: #993300;\"><strong>koncertem od 15:00.\u00a0<\/strong><\/span><\/p>\n<p><strong><u>P\u0159i p\u0159ed\u00e1v\u00e1n\u00ed d\u011bt\u00ed m\u011bjte pros\u00edm p\u0159ipraveno:<\/u><\/strong><\/p>\n<ul>\n<li><a href=\"https:\/\/drive.google.com\/file\/d\/1lRDKwIqLLmlpqCEzCtwj3e0UxkvzpiiP\/view?usp=sharing\" target=\"_blank\" rel=\"noopener\"><strong>BEZINFEK\u010cNOST<\/strong><\/a>\u00a0\u2013\u00a0pro n\u00e1s origin\u00e1l (tzv. \u201eprohl\u00e1\u0161en\u00ed o\u00a0<strong>bezinfek\u010dnosti<\/strong>\u201c \u2013 viz p\u0159\u00edloha) je prohl\u00e1\u0161en\u00ed z\u00e1konn\u00e9ho z\u00e1stupce (nebo fyzick\u00e9 osoby, kterou k tomu z\u00e1konn\u00fd z\u00e1stupce d\u00edt\u011bte p\u00edsemn\u011b zmocnil),\u00a0\u017ee\u00a0\u00fa\u010dastn\u00edk t\u00e1bora\u00a0nejev\u00ed zn\u00e1mky akutn\u00edho onemocn\u011bn\u00ed (nap\u0159\u00edklad hore\u010dky nebo pr\u016fjmu), a ve 14 kalend\u00e1\u0159n\u00edch dnech p\u0159ed odjezdem na t\u00e1bor nep\u0159i\u0161lo do styku s fyzickou osobou nemocnou infek\u010dn\u00edm onemocn\u011bn\u00edm nebo podez\u0159elou z n\u00e1kazy ani mu nen\u00ed na\u0159\u00edzeno karant\u00e9nn\u00ed opat\u0159en\u00ed. Toto potvrzen\u00ed\u00a0<b>nesm\u00ed b\u00fdt star\u0161\u00ed ne\u017e jeden den.<\/b><\/li>\n<li><strong>KARTI\u010cKA ZDRAVOTN\u00cd POJI\u0160\u0164OVNY<\/strong>\u00a0\u2013 fotokopie obou stran<\/li>\n<\/ul>\n<ul>\n<li><strong>P\u0158\u00cdPADN\u00dd DOPLATEK ZA V\u00cdKEND<\/strong><\/li>\n<\/ul>\n<p><strong>Bez v\u00fd\u0161e zm\u00edn\u011bn\u00fdch n\u00e1le\u017eitost\u00ed nebude mo\u017en\u00e9 d\u00edt\u011b na hudebn\u00ed v\u00edkend p\u0159evz\u00edt.<\/strong><\/p>\n<p>P\u0159i p\u0159ed\u00e1v\u00e1n\u00ed d\u011bt\u00ed budete <strong>na chat\u011b\u00a0podepisovat souhlas\u00a0<\/strong>\u017ee m\u016f\u017eeme va\u0161e d\u00edt\u011b fotit, filmovat a tento materi\u00e1l pak zve\u0159ejnit. Tyto\u00a0formul\u00e1\u0159e tak\u00e9 p\u0159ikl\u00e1d\u00e1m\u00a0<strong><a href=\"https:\/\/drive.google.com\/file\/d\/1nAlG4Z5nmEbirohTKvLWr0aNj8_mghpT\/view?usp=sharing\" target=\"_blank\" rel=\"noopener\">POUZE K NAHL\u00c9DNUT\u00cd<\/a>, netiskn\u011bte, nenoste vypln\u011bn\u00e9.<\/strong>\u00a0Podepisovat budete a\u017e na m\u00edst\u011b v\u0161ichni do jedn\u00e9 tabulky.<\/p>\n<p><strong><u>Na v\u00edkend d\u011btem d\u00e1le sbalte:<\/u><\/strong><\/p>\n<ul>\n<li>pohodln\u00e9 oble\u010den\u00ed na chatu, sportovn\u011bj\u0161\u00ed na ven na hry<\/li>\n<li>ba\u010dkory!! (chodby tam jsou studen\u00e9 s kamenn\u00fdm schodi\u0161t\u011bm)<\/li>\n<li>osobn\u00ed hygiena \u2013 m\u00fddlo, pasta, kart\u00e1\u010dek na zuby, p\u0159\u00edp. h\u0159eben\u2026<\/li>\n<li>ru\u010dn\u00edk<\/li>\n<li>pl\u00e1\u0161t\u011bnka<\/li>\n<li>pln\u00e1 obuv vhodn\u00e1 na b\u011bh \u010di na v\u00fdlet<\/li>\n<li>\u010dist\u00e9 spodn\u00ed pr\u00e1dlo<\/li>\n<li>psac\u00ed pom\u016fcky, blok, notov\u00fd se\u0161it<\/li>\n<li>hudebn\u00ed n\u00e1stroj, zp\u011bvn\u00edky, noty (pokud m\u00e1te)<\/li>\n<li>dobrovoln\u011b:<span style=\"color: #000000;\">\u00a0materi\u00e1l a dopl\u0148ky, kter\u00e9 mohou vyroben\u00fd kost\u00fdm doplnit,\u00a0<\/span>p\u0159\u00edpadn\u011b dal\u0161\u00ed t\u00e9matick\u00e9 pom\u016fcky vhodn\u00e9 t\u0159eba na v\u00fdzdobu p\u00f3dia (prostorn\u011bj\u0161\u00ed v\u011bci ide\u00e1ln\u011b prokonzultuje p\u0159edem)<\/li>\n<\/ul>\n<p><strong>V\u00edkend kon\u010d\u00ed v ned\u011bli 12. 10. 2025 <span style=\"color: #993300;\">z\u00e1v\u011bre\u010dn\u00fdm koncertem d\u011bt\u00ed od 15:00<\/span><\/strong> (koncert v\u011bt\u0161inou trv\u00e1 okolo 1,5 &#8211; 2 hodiny, ale z\u00e1le\u017e\u00ed na \u00fa\u010dastn\u00edc\u00edch).<\/p>\n<p>T\u011b\u0161\u00edme se na vid\u011bnou!<\/p>\n<div>T\u00fdm Studia Kokos, z.s.<\/div>\n","protected":false},"excerpt":{"rendered":"<p>FASHION HUDEBN\u00cd V\u00cdKEND Informace pro p\u0159ihl\u00e1\u0161en\u00e9 Term\u00edn: 17. &#8211; 19. 4. 2026 Cena:\u00a03500,- pro pravideln\u00e9 n\u00e1v\u0161t\u011bvn\u00edky hudebn\u00edho Studia Kokos, z. s.\u00a0, 3800,- pro ostatn\u00ed z\u00e1jemce. Z t\u00e9to \u010d\u00e1stky je 1500,- nevratn\u00e1 z\u00e1loha, kterou je nutn\u00e9 uhradit po zasl\u00e1n\u00ed p\u0159ihl\u00e1\u0161ky; doplatek &hellip; <a href=\"https:\/\/www.studiokokos.cz\/index.php\/informace-pro-prihlasene\/\">Cel\u00fd p\u0159\u00edsp\u011bvek <span class=\"meta-nav\">&rarr;<\/span><\/a><\/p>\n","protected":false},"author":1,"featured_media":0,"parent":0,"menu_order":0,"comment_status":"closed","ping_status":"closed","template":"","meta":{"spay_email":""},"_links":{"self":[{"href":"https:\/\/www.studiokokos.cz\/index.php\/wp-json\/wp\/v2\/pages\/562"}],"collection":[{"href":"https:\/\/www.studiokokos.cz\/index.php\/wp-json\/wp\/v2\/pages"}],"about":[{"href":"https:\/\/www.studiokokos.cz\/index.php\/wp-json\/wp\/v2\/types\/page"}],"author":[{"embeddable":true,"href":"https:\/\/www.studiokokos.cz\/index.php\/wp-json\/wp\/v2\/users\/1"}],"replies":[{"embeddable":true,"href":"https:\/\/www.studiokokos.cz\/index.php\/wp-json\/wp\/v2\/comments?post=562"}],"version-history":[{"count":37,"href":"https:\/\/www.studiokokos.cz\/index.php\/wp-json\/wp\/v2\/pages\/562\/revisions"}],"predecessor-version":[{"id":2045,"href":"https:\/\/www.studiokokos.cz\/index.php\/wp-json\/wp\/v2\/pages\/562\/revisions\/2045"}],"wp:attachment":[{"href":"https:\/\/www.studiokokos.cz\/index.php\/wp-json\/wp\/v2\/media?parent=562"}],"curies":[{"name":"wp","href":"https:\/\/api.w.org\/{rel}","templated":true}]}}