{"id":62,"date":"2018-02-16T12:55:52","date_gmt":"2018-02-16T12:55:52","guid":{"rendered":"http:\/\/www.studiokokos.cz\/?page_id=62"},"modified":"2026-04-20T08:47:03","modified_gmt":"2026-04-20T08:47:03","slug":"letni-tabor-hudebni","status":"publish","type":"page","link":"https:\/\/www.studiokokos.cz\/index.php\/letni-tabor-hudebni\/","title":{"rendered":"Letn\u00ed t\u00e1bor hudebn\u00ed"},"content":{"rendered":"<div class=\"page\" title=\"Page 1\">\n<div class=\"layoutArea\">\n<div class=\"column\" style=\"text-align: center;\">\n<h1><span style=\"color: #008080;\"><strong>T\u00e1bor 2026 bude prob\u00edhat ji\u017e tradi\u010dn\u011b Rakousech<\/strong><\/span><br \/>\n<span style=\"color: #008080;\"><strong>V TERM\u00cdNU 16. &#8211; 21. 8. 2026<\/strong><\/span><\/h1>\n<p><span style=\"color: #008080;\">Zveme v\u0161echny muzikanty: poje\u010fte s n\u00e1mi na n\u00e1v\u0161t\u011bvu starov\u011bk\u00e9ho \u0158ecka, \u0158\u00edma, \u010di Egypta a u\u017eijte si u toho spoustu legrace!<\/span><\/p>\n<p><span style=\"color: #000000;\"><strong>Tradi\u010dn\u00ed hudebn\u00ed t\u00e1bor v Rakous\u00edch je obsazen, ale m\u016f\u017eete zkusit \u0161t\u011bst\u00ed jako n\u00e1hradn\u00edk!<\/strong><\/span><\/p>\n<p><a href=\"https:\/\/docs.google.com\/forms\/d\/e\/1FAIpQLSewZ1b2X0DN1ls1_oX9k9UE_W_Xr43lYYmng0hzc4exmrcUHg\/viewform?usp=publish-editor\" target=\"_blank\" rel=\"noopener\"><span style=\"color: #800000;\"><b>P\u0159ihla\u0161ov\u00e1n\u00ed PRO N\u00c1HRADN\u00cdKY mo\u017en\u00e9 ZDE<\/b><\/span><\/a><\/p>\n<p><img loading=\"lazy\" class=\"aligncenter size-full wp-image-2046\" src=\"http:\/\/www.studiokokos.cz\/wp-content\/uploads\/2026\/04\/hudebni-tabor-26-1.png\" alt=\"\" width=\"940\" height=\"788\" srcset=\"https:\/\/www.studiokokos.cz\/wp-content\/uploads\/2026\/04\/hudebni-tabor-26-1.png 940w, https:\/\/www.studiokokos.cz\/wp-content\/uploads\/2026\/04\/hudebni-tabor-26-1-300x251.png 300w, https:\/\/www.studiokokos.cz\/wp-content\/uploads\/2026\/04\/hudebni-tabor-26-1-768x644.png 768w, https:\/\/www.studiokokos.cz\/wp-content\/uploads\/2026\/04\/hudebni-tabor-26-1-358x300.png 358w\" sizes=\"(max-width: 940px) 100vw, 940px\" \/><\/p>\n<p>A zde si m\u016f\u017eete prohl\u00e9dnout <a href=\"https:\/\/www.zonerama.com\/StudioKokos\/Album\/5680791\" target=\"_blank\" rel=\"noopener noreferrer\"><strong>FOTKY<\/strong><\/a> a <a href=\"https:\/\/www.youtube.com\/watch?v=p7MHGp_fXM4\" target=\"_blank\" rel=\"noopener noreferrer\"><strong>VIDEA<\/strong><\/a> z minul\u00fdch t\u00e1bor\u016f.<\/p>\n<p style=\"text-align: left;\"><strong><span style=\"color: #008080;\">O CO VLASTN\u011a JDE?<\/span><\/strong><\/p>\n<p><img loading=\"lazy\" class=\"wp-image-696 alignright\" src=\"http:\/\/www.studiokokos.cz\/wp-content\/uploads\/2020\/01\/IMG_4028.jpg\" alt=\"\" width=\"244\" height=\"230\" \/><\/p>\n<p style=\"text-align: left;\">Organizujeme letn\u00ed t\u00e1bor pro d\u011bti a ml\u00e1de\u017e do 18 let. Cel\u00fd t\u00fdden prob\u00edhaj\u00ed individu\u00e1ln\u00ed i\u00a0skupinov\u00e9 hudebn\u00ed semin\u00e1\u0159e r\u016fzn\u00fdch druh\u016f i n\u00e1ro\u010dnost\u00ed. Z minul\u00fdch ro\u010dn\u00edk\u016f m\u00e1me ov\u011b\u0159eno, \u017ee ve spole\u010dnosti do 30 d\u011bt\u00ed mohou vzniknout zaj\u00edmav\u00e9 hudebn\u00ed projekty.<\/p>\n<p style=\"text-align: left;\">C\u00edlem na\u0161eho p\u0159ipraven\u00e9ho programu je celkov\u00e9 zdokonalen\u00ed na\u0161ich sv\u011b\u0159enc\u016f v hudebn\u00edch oblastech, ve kter\u00fdch se pohybujeme, nalezen\u00ed nov\u00fdch kamar\u00e1d\u016f a p\u0159\u00edpadn\u011b i vznik nov\u00fdch kapel. Dal\u0161\u00edmi poznatky z hudebn\u00edho t\u00e1bora jsou z\u00e1klady technick\u00e9ho zaji\u0161t\u011bn\u00ed \u2013 tedy &#8220;zvuka\u0159iny&#8221;.\u00a0Z\u00e1jemci mohou vyzkou\u0161et zvuka\u0159skou pr\u00e1ci a v\u0161ichni \u00fa\u010dastn\u00edci budou zkou\u0161et sv\u00e1 vystoupen\u00ed na mikrofony a zvukov\u00fd apar\u00e1t, kter\u00fd je cel\u00fd t\u00fdden k dispozici.<\/p>\n<p><img loading=\"lazy\" class=\"wp-image-697 alignleft\" src=\"http:\/\/www.studiokokos.cz\/wp-content\/uploads\/2020\/01\/IMG_3810.jpg\" alt=\"\" width=\"235\" height=\"159\" \/><\/p>\n<p style=\"text-align: left;\">Mezi muzikantskou pr\u00e1ci bude za\u0159azena i spousta her pro zasm\u00e1n\u00ed, odreagov\u00e1n\u00ed a pozn\u00e1n\u00ed sama sebe i ostatn\u00edch. Z\u00e1v\u011brem na\u0161eho programu bude p\u0159ipraven\u00fd koncert pro rodi\u010de a zn\u00e1m\u00e9. M\u011bly by zazn\u00edt nov\u00e9, nebo alespo\u0148 nov\u011b upraven\u00e9 p\u00edsn\u011b, ur\u010dit\u011b i jedna spole\u010dn\u00e1 sborov\u00e1 p\u00edse\u0148.<\/p>\n<p>&nbsp;<\/p>\n<p style=\"text-align: left;\">Pro rodi\u010de a \u0161ir\u0161\u00ed okol\u00ed prob\u011bhne v p\u00e1tek z\u00e1v\u011bre\u010dn\u00fd koncert, kter\u00fdm bude t\u00e1bor pro d\u011bti ukon\u010den.<\/p>\n<p><img loading=\"lazy\" class=\"aligncenter size-full wp-image-1176\" src=\"http:\/\/www.studiokokos.cz\/wp-content\/uploads\/2022\/02\/5H9A6547-scaled.jpg\" alt=\"\" width=\"2560\" height=\"1455\" srcset=\"https:\/\/www.studiokokos.cz\/wp-content\/uploads\/2022\/02\/5H9A6547-scaled.jpg 2560w, https:\/\/www.studiokokos.cz\/wp-content\/uploads\/2022\/02\/5H9A6547-scaled-300x171.jpg 300w, https:\/\/www.studiokokos.cz\/wp-content\/uploads\/2022\/02\/5H9A6547-1024x582.jpg 1024w, https:\/\/www.studiokokos.cz\/wp-content\/uploads\/2022\/02\/5H9A6547-768x436.jpg 768w, https:\/\/www.studiokokos.cz\/wp-content\/uploads\/2022\/02\/5H9A6547-1536x873.jpg 1536w, https:\/\/www.studiokokos.cz\/wp-content\/uploads\/2022\/02\/5H9A6547-2048x1164.jpg 2048w, https:\/\/www.studiokokos.cz\/wp-content\/uploads\/2022\/02\/5H9A6547-500x284.jpg 500w, https:\/\/www.studiokokos.cz\/wp-content\/uploads\/2022\/02\/5H9A6547-1320x750.jpg 1320w\" sizes=\"(max-width: 2560px) 100vw, 2560px\" \/><\/p>\n<h6 style=\"text-align: left;\"><strong><span style=\"color: #008080;\">KDY:<\/span><\/strong><br \/>\nNed\u011ble 16.8. \u2013\u00a0 p\u00e1tek 21. 8. 2025. N\u00e1stup v ned\u011bli okolo 17 hod do t\u00e1bora.<\/h6>\n<p style=\"text-align: left;\">P\u00e1te\u010dn\u00ed koncert bude cca od 16:00 (bude up\u0159esn\u011bno, v\u010detn\u011b m\u00edsta kon\u00e1n\u00ed), konec a p\u0159ed\u00e1n\u00ed d\u011bt\u00ed prob\u011bhne v p\u00e1tek po koncert\u011b cca v 18:00.<\/p>\n<h6 style=\"text-align: left;\"><strong><span style=\"color: #008080;\">KDE:<\/span><\/strong><\/h6>\n<h6 style=\"text-align: left;\">Chatky \u010cesk\u00fd R\u00e1j,<\/h6>\n<h6 style=\"text-align: left;\">Rakousy 49,<br \/>\n511 01 Turnov<\/h6>\n<p style=\"text-align: left;\">GPS: 50.6197997N, 15.1799086E<\/p>\n<p style=\"text-align: left;\">V\u00edce info zde: <a href=\"http:\/\/www.chatkyceskyraj.cz\/kontakt\/\" target=\"_blank\" rel=\"noopener noreferrer\">www.chatkyceskyraj.cz<\/a><\/p>\n<p><img loading=\"lazy\" class=\"wp-image-698 alignleft\" style=\"margin-top: 0.4em;\" src=\"http:\/\/www.studiokokos.cz\/wp-content\/uploads\/2020\/01\/IMG_4574.jpg\" alt=\"\" width=\"230\" height=\"155\" \/><\/p>\n<h6 style=\"text-align: left;\"><strong><span style=\"color: #008080;\">ZA KOLIK:<\/span><\/strong><\/h6>\n<p style=\"text-align: left;\"><strong>4200<\/strong>,- pro pravideln\u00e9 n\u00e1v\u0161t\u011bvn\u00edky hudebn\u00edho Studia Kokos (ti co maj\u00ed vypln\u011bn\u00e9 kontaktn\u00ed listy a doch\u00e1z\u00ed na lekce v pr\u016fb\u011bhu \u0161koln\u00edho roku)<\/p>\n<p style=\"text-align: left;\"><strong>4700<\/strong>,- pro ostatn\u00ed z\u00e1jemce<\/p>\n<p style=\"text-align: left;\"><strong><span style=\"color: #008000;\">\u010c\u00edslo \u00fa\u010dtu: 2400531774\/2010<\/span><\/strong><br \/>\n<strong><span style=\"color: #008000;\">VS: 160826<\/span><\/strong><br \/>\n<strong><span style=\"color: #008000;\">Vzkaz pro p\u0159\u00edjemce: jm\u00e9no \u00fa\u010dastn\u00edka<\/span><\/strong><\/p>\n<p style=\"text-align: left;\">V cen\u011b je ubytov\u00e1n\u00ed v chatk\u00e1ch se soci\u00e1ln\u00edm za\u0159\u00edzen\u00edm na hlavn\u00ed budov\u011b, strava 4x denn\u011b, celodenn\u00ed pitn\u00fd re\u017eim, ve\u0161ker\u00e9 hudebn\u00ed semin\u00e1\u0159e a hodiny, zvukov\u00e1 aparatura, pom\u016fcky, pam\u00e1tn\u00e1 tri\u010dka.<br \/>\n<strong>P\u0159ihl\u00e1\u0161ka na t\u00e1bor je platn\u00e1 po zasl\u00e1n\u00ed z\u00e1lohy 2000,- K\u010d (nebo cel\u00e9 \u010d\u00e1stky)<\/strong>. Zbyl\u00e1 \u010d\u00e1stka sta\u010d\u00ed p\u0159i n\u00e1stupu na t\u00e1bor (v hotovosti). Z\u00e1loha je nevratn\u00e1, z existen\u010dn\u00edch d\u016fvod\u016f cel\u00e9ho t\u00e1bora.<\/p>\n<p style=\"text-align: left;\"><strong><span style=\"color: #008080;\">CO S SEBOU:<\/span><\/strong><br \/>\nSpac\u00e1k + pol\u0161t\u00e1\u0159, py\u017eamo, v\u011bci pro osobn\u00ed hygienu + ru\u010dn\u00edk, repelent, opalovac\u00ed kr\u00e9m, obuv do spole\u010dn\u00fdch sprch, lahev na pit\u00ed, bat\u016f\u017eek, psac\u00ed pom\u016fcky, se\u0161it, hudebn\u00ed n\u00e1stroj, noty, zp\u011bvn\u00edky (pokud m\u00e1te), oble\u010den\u00ed a obuv: k ohni, na koncert, sportovn\u00ed na v\u00fdlet a p\u0159\u00edpadn\u011b na leh\u010d\u00ed b\u011bhac\u00ed hru, plavky.<\/p>\n<p style=\"text-align: left;\"><span style=\"color: #800000;\"><strong>Nezapome\u0148te p\u0159ibalit:<\/strong>\u00a0<strong>bezinfek\u010dnost<\/strong> (podepisuje rodi\u010d, pos\u00edl\u00e1me p\u0159ed akc\u00ed mustr e-mailem), <strong>karti\u010dku poji\u0161\u0165ovny<\/strong> (sta\u010d\u00ed kopie, kterou odevzd\u00e1te p\u0159i p\u0159ed\u00e1v\u00e1n\u00ed d\u011bt\u00ed vedouc\u00edm), rou\u0161ku (dle aktu\u00e1ln\u00ed epidemick\u00e9 situace).<\/span><\/p>\n<p><img loading=\"lazy\" class=\"aligncenter size-full wp-image-1177\" src=\"http:\/\/www.studiokokos.cz\/wp-content\/uploads\/2022\/02\/5H9A6510-scaled.jpg\" alt=\"\" width=\"2560\" height=\"1332\" srcset=\"https:\/\/www.studiokokos.cz\/wp-content\/uploads\/2022\/02\/5H9A6510-scaled.jpg 2560w, https:\/\/www.studiokokos.cz\/wp-content\/uploads\/2022\/02\/5H9A6510-scaled-300x156.jpg 300w, https:\/\/www.studiokokos.cz\/wp-content\/uploads\/2022\/02\/5H9A6510-1024x533.jpg 1024w, https:\/\/www.studiokokos.cz\/wp-content\/uploads\/2022\/02\/5H9A6510-768x400.jpg 768w, https:\/\/www.studiokokos.cz\/wp-content\/uploads\/2022\/02\/5H9A6510-1536x799.jpg 1536w, https:\/\/www.studiokokos.cz\/wp-content\/uploads\/2022\/02\/5H9A6510-2048x1065.jpg 2048w, https:\/\/www.studiokokos.cz\/wp-content\/uploads\/2022\/02\/5H9A6510-500x260.jpg 500w, https:\/\/www.studiokokos.cz\/wp-content\/uploads\/2022\/02\/5H9A6510-1320x687.jpg 1320w\" sizes=\"(max-width: 2560px) 100vw, 2560px\" \/><\/p>\n<\/div>\n<\/div>\n<\/div>\n","protected":false},"excerpt":{"rendered":"<p>T\u00e1bor 2026 bude prob\u00edhat ji\u017e tradi\u010dn\u011b Rakousech V TERM\u00cdNU 16. &#8211; 21. 8. 2026 Zveme v\u0161echny muzikanty: poje\u010fte s n\u00e1mi na n\u00e1v\u0161t\u011bvu starov\u011bk\u00e9ho \u0158ecka, \u0158\u00edma, \u010di Egypta a u\u017eijte si u toho spoustu legrace! Tradi\u010dn\u00ed hudebn\u00ed t\u00e1bor v Rakous\u00edch je &hellip; <a href=\"https:\/\/www.studiokokos.cz\/index.php\/letni-tabor-hudebni\/\">Cel\u00fd p\u0159\u00edsp\u011bvek <span class=\"meta-nav\">&rarr;<\/span><\/a><\/p>\n","protected":false},"author":1,"featured_media":0,"parent":0,"menu_order":0,"comment_status":"closed","ping_status":"closed","template":"","meta":{"spay_email":""},"_links":{"self":[{"href":"https:\/\/www.studiokokos.cz\/index.php\/wp-json\/wp\/v2\/pages\/62"}],"collection":[{"href":"https:\/\/www.studiokokos.cz\/index.php\/wp-json\/wp\/v2\/pages"}],"about":[{"href":"https:\/\/www.studiokokos.cz\/index.php\/wp-json\/wp\/v2\/types\/page"}],"author":[{"embeddable":true,"href":"https:\/\/www.studiokokos.cz\/index.php\/wp-json\/wp\/v2\/users\/1"}],"replies":[{"embeddable":true,"href":"https:\/\/www.studiokokos.cz\/index.php\/wp-json\/wp\/v2\/comments?post=62"}],"version-history":[{"count":3,"href":"https:\/\/www.studiokokos.cz\/index.php\/wp-json\/wp\/v2\/pages\/62\/revisions"}],"predecessor-version":[{"id":2048,"href":"https:\/\/www.studiokokos.cz\/index.php\/wp-json\/wp\/v2\/pages\/62\/revisions\/2048"}],"wp:attachment":[{"href":"https:\/\/www.studiokokos.cz\/index.php\/wp-json\/wp\/v2\/media?parent=62"}],"curies":[{"name":"wp","href":"https:\/\/api.w.org\/{rel}","templated":true}]}}