{"id":64,"date":"2018-02-16T12:56:23","date_gmt":"2018-02-16T12:56:23","guid":{"rendered":"http:\/\/www.studiokokos.cz\/?page_id=64"},"modified":"2026-02-01T11:00:24","modified_gmt":"2026-02-01T11:00:24","slug":"indiani-z-vitova","status":"publish","type":"page","link":"https:\/\/www.studiokokos.cz\/index.php\/indiani-z-vitova\/","title":{"rendered":"Indi\u00e1ni z V\u00edtova &#8211; p\u0159\u00edm\u011bstsk\u00fd t\u00e1bor"},"content":{"rendered":"<h1 style=\"text-align: center;\"><span style=\"color: #993300;\"><strong>Je n\u00e1m l\u00edto, ale z organiza\u010dn\u00edch d\u016fvod\u016f v leto\u0161n\u00edm roce p\u0159\u00edm\u011bstsk\u00fd indi\u00e1nsk\u00fd t\u00e1bor nezvl\u00e1dneme uspo\u0159\u00e1dat. D\u011bkujeme za pochopen\u00ed.<\/strong><\/span><\/h1>\n<p>&nbsp;<\/p>\n<p>&nbsp;<\/p>\n<p>&nbsp;<\/p>\n<p>&nbsp;<\/p>\n<p>&nbsp;<\/p>\n<p>&nbsp;<\/p>\n<p>&nbsp;<\/p>\n<p><span style=\"color: #008000;\"><img loading=\"lazy\" class=\"aligncenter size-full wp-image-1163\" style=\"margin-top: 0.4em;\" src=\"http:\/\/www.studiokokos.cz\/wp-content\/uploads\/2022\/02\/5H9A5787-_-verze-2-scaled.jpg\" alt=\"\" width=\"2560\" height=\"1158\" srcset=\"https:\/\/www.studiokokos.cz\/wp-content\/uploads\/2022\/02\/5H9A5787-_-verze-2-scaled.jpg 2560w, https:\/\/www.studiokokos.cz\/wp-content\/uploads\/2022\/02\/5H9A5787-_-verze-2-scaled-300x136.jpg 300w, https:\/\/www.studiokokos.cz\/wp-content\/uploads\/2022\/02\/5H9A5787-_-verze-2-1024x463.jpg 1024w, https:\/\/www.studiokokos.cz\/wp-content\/uploads\/2022\/02\/5H9A5787-_-verze-2-768x348.jpg 768w, https:\/\/www.studiokokos.cz\/wp-content\/uploads\/2022\/02\/5H9A5787-_-verze-2-1536x695.jpg 1536w, https:\/\/www.studiokokos.cz\/wp-content\/uploads\/2022\/02\/5H9A5787-_-verze-2-2048x927.jpg 2048w, https:\/\/www.studiokokos.cz\/wp-content\/uploads\/2022\/02\/5H9A5787-_-verze-2-500x226.jpg 500w, https:\/\/www.studiokokos.cz\/wp-content\/uploads\/2022\/02\/5H9A5787-_-verze-2-1320x597.jpg 1320w\" sizes=\"(max-width: 2560px) 100vw, 2560px\" \/><\/span><\/p>\n<p><span style=\"color: #008000;\"><strong>KDE:<\/strong> Na\u0161e celot\u00fddenn\u00ed z\u00e1zem\u00ed budeme m\u00edt v indi\u00e1nsk\u00e9 vesnici na Dobr\u00e9 Vod\u011b, vedle vyhl\u00eddky u srubu a<img loading=\"lazy\" class=\"wp-image-1525 alignright\" src=\"http:\/\/www.studiokokos.cz\/wp-content\/uploads\/2023\/02\/5H9A2928-scaled.jpg\" alt=\"\" width=\"279\" height=\"190\" \/> v bl\u00edzk\u00e9m okol\u00ed.\u00a0 Autem lze zastavit na horn\u00ed stanici vleku a proj\u00edt lesem cca 50m.<\/span><\/p>\n<p><span style=\"color: #008000;\"><strong>KDY:<\/strong> <span class=\"JsGRdQ\">22.-26.7.2024 Ka\u017ed\u00fd den se na d\u011bti budeme t\u011b\u0161it od (7:30) 8:30<\/span><span class=\"JsGRdQ\"> &#8211; 16:30 h. Od 7:30 &#8211; 8:30 lze do t\u00e1bora p\u0159iv\u00e1\u017eet d\u011bti, <em><strong>p\u0159\u00edjezd p\u0159ed 8:30 pros\u00edme nahl\u00e1sit p\u0159edem.<\/strong><\/em><\/span><\/span><\/p>\n<p><span style=\"color: #008000;\"><strong>PRO KOHO:<\/strong> Program je tvo\u0159en pro d\u011bti, kter\u00e9 maj\u00ed za sebou minim\u00e1ln\u011b 1. t\u0159\u00eddu, tedy<img loading=\"lazy\" class=\"wp-image-1517 alignright\" src=\"http:\/\/www.studiokokos.cz\/wp-content\/uploads\/2023\/02\/5H9A4075-1-scaled.jpg\" alt=\"\" width=\"275\" height=\"187\" \/> 7-12 let. <\/span><span style=\"color: #993300;\">Skupinka <strong>miniindi\u00e1n\u016f<\/strong> je ur\u010dena d\u011btem, kter\u00e9 nav\u0161t\u011bvuj\u00ed M\u0160 a jsou tedy zvykl\u00e9 zvl\u00e1dnout den (\u010di p\u016flden) bez rodi\u010d\u016f ve v\u011bku od 4 &#8211; 6\/7let (v p\u0159\u00edpad\u011b odkladu).<\/span><\/p>\n<p><span style=\"color: #008000;\"><strong>CO SE BUDE D\u00cdT:\u00a0<\/strong>Pro p\u0159ibli\u017en\u011b 25 d\u011bt\u00ed je p\u0159ipraven pestr\u00fd program na cel\u00fd t\u00fdden. T\u00e9matick\u00e9 vyr\u00e1b\u011bn\u00ed, <img loading=\"lazy\" class=\"wp-image-1521 alignright\" src=\"http:\/\/www.studiokokos.cz\/wp-content\/uploads\/2023\/02\/5H9A2997-scaled.jpg\" alt=\"\" width=\"282\" height=\"183\" \/>mnoho sout\u011b\u017eiv\u00fdch her, za kter\u00e9 budou sb\u00edrat body pro sv\u016fj kmen. Indi\u00e1ni se vydaj\u00ed na dobrodru\u017en\u00e9 v\u00fdpravy t\u0159eba na lov bizona, vyzkou\u0161\u00ed si rytmiku a indi\u00e1nsk\u00e9 bubnov\u00e1n\u00ed, nau\u010d\u00ed se v\u00e1zat<img loading=\"lazy\" class=\" wp-image-1520 alignright\" src=\"http:\/\/www.studiokokos.cz\/wp-content\/uploads\/2023\/02\/5H9A3162-scaled.jpg\" alt=\"\" width=\"281\" height=\"159\" \/> uzle, st\u0159elbu z luku a vzduchovky, svezou se na osl\u00edkovi a mnoho dal\u0161\u00edho. Dokonce stihnou i nacvi\u010dit kr\u00e1tk\u00e9 divadlo pro rodi\u010de, kter\u00e9 p\u0159edvedou v p\u00e1tek po ukon\u010den\u00ed t\u00e1bora, pros\u00edm po\u010d\u00edtejte tedy v p\u00e1tek s n\u011bjak\u00fdm \u010dasem nav\u00edc :-). <span style=\"color: #800000;\"><strong>Miniindi\u00e1ni<\/strong> tvo\u0159it nejen s p\u0159\u00edrodninami, bubnovat, chodit na kr\u00e1tk\u00e9 v\u00fdpravy v okol\u00ed t\u00e1bora a zkoumat lesy a louky, hr\u00e1t hry, tancovat a zp\u00edvat, vyst\u0159el\u00ed si z luku a zapoj\u00ed se s velk\u00fdmi d\u011btemi do kmenov\u00e9 celot\u00e1borov\u00e9 h\u0159y.<\/span><\/span><\/p>\n<p><span style=\"color: #008000;\"><strong>NA\u0160E DAL\u0160\u00cd MO\u017dNOSTI: <\/strong>V t\u00e1bo\u0159e <strong>v tee-pee lze p\u0159espat<\/strong>. Jak\u00fdkoli mal\u00fd indi\u00e1n ale bude pot\u0159ebovat sv\u016fj doprovod. Na p\u0159esp\u00e1n\u00ed V\u00e1m r\u00e1di poskytneme tee-pee (po p\u0159edchoz\u00ed domluv\u011b &#8211; m\u00edsta jsou omezena!), \u010di lze vyu\u017e\u00edt vlastn\u00ed stan a my se budeme t\u011b\u0161it na nov\u00e9 tv\u00e1\u0159e u ve\u010dern\u00edho ohn\u011b. Mo\u017enost p\u0159esp\u00e1n\u00ed bude JEDEN P\u0158EDEM UR\u010cEN\u00dd DEN na zodpov\u011bdnost z\u00e1konn\u00fdch z\u00e1stupc\u016f, kdy d\u00edt\u011b bude m\u00edt vlastn\u00ed dozor na dobu<img loading=\"lazy\" class=\"wp-image-1518 alignright\" src=\"http:\/\/www.studiokokos.cz\/wp-content\/uploads\/2023\/02\/5H9A4043-1-scaled.jpg\" alt=\"\" width=\"284\" height=\"165\" \/> mimo program p\u0159\u00edm\u011bstsk\u00e9ho t\u00e1bora, tj. od 16:30 &#8211; min 7:30 n\u00e1sleduj\u00edc\u00edho dne. Podle po\u010das\u00ed budeme nab\u00edzet p\u0159esp\u00e1n\u00ed se stezkou odvahy a filmem z lo\u0148sk\u00e9ho roku bu\u010f ze st\u0159edy na \u010dtvrtek, nebo ze \u010dtvrtka na p\u00e1tek.<img loading=\"lazy\" class=\"wp-image-1519 alignright\" src=\"http:\/\/www.studiokokos.cz\/wp-content\/uploads\/2023\/02\/5H9A2620-2-scaled.jpg\" alt=\"\" width=\"283\" height=\"192\" \/> <\/span><\/p>\n<p><span style=\"color: #008000;\"><img loading=\"lazy\" class=\"wp-image-1522 alignright\" src=\"http:\/\/www.studiokokos.cz\/wp-content\/uploads\/2023\/02\/5H9A3246-scaled.jpg\" alt=\"\" width=\"284\" height=\"163\" \/><\/span><\/p>\n<p><span style=\"color: #008000;\"><strong>V CEN\u011a:<\/strong> Ka\u017ed\u00fd den: ob\u011bd , 2x sva\u010dina, cel\u00fd den pitn\u00fd re\u017eim, pom\u016fcky na program, odm\u011bny, z\u00e1zem\u00ed indi\u00e1nsk\u00e9 vesnice a zku\u0161en\u00ed indi\u00e1n\u0161t\u00ed n\u00e1\u010deln\u00edci. P\u0159esp\u00e1n\u00ed v t\u00e1bo\u0159e. (Na celodenn\u00edm v\u00fdlet\u011b je ob\u011bd \u0159e\u0161en vydatn\u011bj\u0161\u00ed sva\u010dinou).<\/span><\/p>\n<p><span style=\"color: #008000;\"><strong>ZA KOLIK:<\/strong> <strong>3500,-\/ indi\u00e1n<\/strong> cel\u00fd den (2500,- miniindi\u00e1n, p\u0159ihl\u00e1\u0161en\u00fd jen na dopoledne 8:30 &#8211; 12:30h).\u00a0 <strong>Cenu lze sn\u00ed\u017eit i p\u0159ilo\u017een\u00edm ruky k d\u00edlu p\u0159i stavb\u011b a bour\u00e1n\u00ed t\u00e1bora &#8211; po dohod\u011b p\u0159edem!<\/strong> Nevratn\u00e1 z\u00e1loha je 1500,-\/indi\u00e1na.<\/span><\/p>\n<p>\u010c\u00edslo \u00fa\u010dtu: 2400531774\/2010<br \/>\nVS: 140725<br \/>\nVzkaz pro p\u0159\u00edjemce: jm\u00e9no \u00fa\u010dastn\u00edka<\/p>\n<p><span style=\"color: #008000;\"><strong>BUDEME VD\u011a\u010cN\u00c9 ZA POMOC P\u0158I STAVB\u011a A BOUR\u00c1N\u00cd T\u00c1BORA (v\u00edkendy p\u0159ed i v\u00edkend po akci m\u00e1me pro tyto \u00fa\u010dely zarezervovan\u00e9),<\/strong> d\u011btem pomocn\u00fdch sil lze cenu t\u00e1bora po dohod\u011b trochu sn\u00ed\u017eit.<\/span><\/p>\n<p style=\"text-align: center;\"><span style=\"color: #008000;\"><img loading=\"lazy\" class=\"alignnone size-full wp-image-204\" src=\"http:\/\/www.studiokokos.cz\/wp-content\/uploads\/2018\/02\/IMG_0761.jpg\" alt=\"\" width=\"4593\" height=\"3062\" \/><\/span><\/p>\n<p style=\"text-align: center;\"><span style=\"color: #3366ff;\"><a style=\"color: #3366ff;\" href=\"https:\/\/www.youtube.com\/watch?v=ZEVs83oNFDg&amp;t=1133s\" target=\"_blank\" rel=\"noopener\">ZDE Video z roku 2023 na Youtube<\/a><\/span><\/p>\n<p style=\"text-align: center;\"><span style=\"color: #008000;\">(Video z lo\u0148sk\u00e9ho b\u011bhu bude m\u00edt premi\u00e9ru na leto\u0161n\u00edm t\u00e1bo\u0159e v den p\u0159espv\u00e1n\u00ed)<\/span><\/p>\n<p style=\"text-align: center;\"><span style=\"color: #3366ff;\"><a style=\"color: #3366ff;\" href=\"https:\/\/eu.zonerama.com\/StudioKokos\/Album\/12010111\" target=\"_blank\" rel=\"noopener\">ZDE FOTKY z Indi\u00e1nsk\u00e9ho t\u00e1bora z roku 2024<\/a><\/span><\/p>\n<p>&nbsp;<\/p>\n<p>&nbsp;<\/p>\n","protected":false},"excerpt":{"rendered":"<p>Je n\u00e1m l\u00edto, ale z organiza\u010dn\u00edch d\u016fvod\u016f v leto\u0161n\u00edm roce p\u0159\u00edm\u011bstsk\u00fd indi\u00e1nsk\u00fd t\u00e1bor nezvl\u00e1dneme uspo\u0159\u00e1dat. D\u011bkujeme za pochopen\u00ed. &nbsp; &nbsp; &nbsp; &nbsp; &nbsp; &nbsp; &nbsp; KDE: Na\u0161e celot\u00fddenn\u00ed z\u00e1zem\u00ed budeme m\u00edt v indi\u00e1nsk\u00e9 vesnici na Dobr\u00e9 Vod\u011b, vedle vyhl\u00eddky u &hellip; <a href=\"https:\/\/www.studiokokos.cz\/index.php\/indiani-z-vitova\/\">Cel\u00fd p\u0159\u00edsp\u011bvek <span class=\"meta-nav\">&rarr;<\/span><\/a><\/p>\n","protected":false},"author":1,"featured_media":0,"parent":0,"menu_order":0,"comment_status":"closed","ping_status":"closed","template":"","meta":{"spay_email":""},"_links":{"self":[{"href":"https:\/\/www.studiokokos.cz\/index.php\/wp-json\/wp\/v2\/pages\/64"}],"collection":[{"href":"https:\/\/www.studiokokos.cz\/index.php\/wp-json\/wp\/v2\/pages"}],"about":[{"href":"https:\/\/www.studiokokos.cz\/index.php\/wp-json\/wp\/v2\/types\/page"}],"author":[{"embeddable":true,"href":"https:\/\/www.studiokokos.cz\/index.php\/wp-json\/wp\/v2\/users\/1"}],"replies":[{"embeddable":true,"href":"https:\/\/www.studiokokos.cz\/index.php\/wp-json\/wp\/v2\/comments?post=64"}],"version-history":[{"count":2,"href":"https:\/\/www.studiokokos.cz\/index.php\/wp-json\/wp\/v2\/pages\/64\/revisions"}],"predecessor-version":[{"id":2026,"href":"https:\/\/www.studiokokos.cz\/index.php\/wp-json\/wp\/v2\/pages\/64\/revisions\/2026"}],"wp:attachment":[{"href":"https:\/\/www.studiokokos.cz\/index.php\/wp-json\/wp\/v2\/media?parent=64"}],"curies":[{"name":"wp","href":"https:\/\/api.w.org\/{rel}","templated":true}]}}