{"id":812,"date":"2020-09-21T19:51:30","date_gmt":"2020-09-21T19:51:30","guid":{"rendered":"http:\/\/www.studiokokos.cz\/?page_id=812"},"modified":"2020-09-21T19:51:30","modified_gmt":"2020-09-21T19:51:30","slug":"omluvy","status":"publish","type":"page","link":"https:\/\/www.studiokokos.cz\/index.php\/omluvy\/","title":{"rendered":"Omluvy"},"content":{"rendered":"<p>Omluvy:<\/p>\n<p>Pokud nestihnete danou hodinu omluvit v\u010das (v\u00edce ne\u017e 24 hodin p\u0159ed za\u010d\u00e1tkem hodiny), bude po\u010d\u00edt\u00e1na jako odu\u010den\u00e1, proto\u017ee lektor nestihne zareagovat a domluvit t\u0159eba n\u00e1hradn\u00ed hodinu s jin\u00fdm \u017e\u00e1kem. Pokud lektor nebude moci na hodinu dorazit, za\u0159\u00edd\u00ed suplov\u00e1n\u00ed nebo V\u00e1s o probl\u00e9mu bude neprodlen\u011b informovat a nab\u00eddne n\u00e1hradn\u00ed hodinu.<\/p>\n","protected":false},"excerpt":{"rendered":"<p>Omluvy: Pokud nestihnete danou hodinu omluvit v\u010das (v\u00edce ne\u017e 24 hodin p\u0159ed za\u010d\u00e1tkem hodiny), bude po\u010d\u00edt\u00e1na jako odu\u010den\u00e1, proto\u017ee lektor nestihne zareagovat a domluvit t\u0159eba n\u00e1hradn\u00ed hodinu s jin\u00fdm \u017e\u00e1kem. Pokud lektor nebude moci na hodinu dorazit, za\u0159\u00edd\u00ed suplov\u00e1n\u00ed nebo &hellip; <a href=\"https:\/\/www.studiokokos.cz\/index.php\/omluvy\/\">Cel\u00fd p\u0159\u00edsp\u011bvek <span class=\"meta-nav\">&rarr;<\/span><\/a><\/p>\n","protected":false},"author":1,"featured_media":0,"parent":0,"menu_order":0,"comment_status":"closed","ping_status":"closed","template":"","meta":{"spay_email":""},"_links":{"self":[{"href":"https:\/\/www.studiokokos.cz\/index.php\/wp-json\/wp\/v2\/pages\/812"}],"collection":[{"href":"https:\/\/www.studiokokos.cz\/index.php\/wp-json\/wp\/v2\/pages"}],"about":[{"href":"https:\/\/www.studiokokos.cz\/index.php\/wp-json\/wp\/v2\/types\/page"}],"author":[{"embeddable":true,"href":"https:\/\/www.studiokokos.cz\/index.php\/wp-json\/wp\/v2\/users\/1"}],"replies":[{"embeddable":true,"href":"https:\/\/www.studiokokos.cz\/index.php\/wp-json\/wp\/v2\/comments?post=812"}],"version-history":[{"count":0,"href":"https:\/\/www.studiokokos.cz\/index.php\/wp-json\/wp\/v2\/pages\/812\/revisions"}],"wp:attachment":[{"href":"https:\/\/www.studiokokos.cz\/index.php\/wp-json\/wp\/v2\/media?parent=812"}],"curies":[{"name":"wp","href":"https:\/\/api.w.org\/{rel}","templated":true}]}}