{"id":814,"date":"2020-09-21T19:57:29","date_gmt":"2020-09-21T19:57:29","guid":{"rendered":"http:\/\/www.studiokokos.cz\/?page_id=814"},"modified":"2020-09-21T19:59:04","modified_gmt":"2020-09-21T19:59:04","slug":"platba-a-cenik","status":"publish","type":"page","link":"https:\/\/www.studiokokos.cz\/index.php\/platba-a-cenik\/","title":{"rendered":"Platba"},"content":{"rendered":"<ul>\n<li><strong>Platba za pololetn\u00ed v\u00fduku:<\/strong><br \/>\nPlatbu pros\u00edm uhra\u010fte v prvn\u00edm pololet\u00ed do 20. 10. 2020 a v pololet\u00ed druh\u00e9m do 20. 2. 2021. V p\u0159\u00edpad\u011b neuhrazen\u00ed bude va\u0161e m\u00edsto v lekci nab\u00eddnuto dal\u0161\u00edm z\u00e1jemc\u016fm.<strong>\u00a0<\/strong><\/li>\n<li><strong>Platba za lekce nez\u00e1visle na pololet\u00ed:<\/strong><br \/>\nPlatbu pros\u00edm prove\u010fte nejd\u00e9le do t\u0159et\u00ed odu\u010den\u00e9 lekce. V p\u0159\u00edpad\u011b neuhrazen\u00ed bude va\u0161e m\u00edsto v lekci nab\u00eddnuto dal\u0161\u00edm z\u00e1jemc\u016fm.<\/li>\n<\/ul>\n<p>Je n\u00e1m jasn\u00e9, \u017ee za\u010d\u00e1tek \u0161koln\u00edho roku (a tak\u00e9 n\u00e1mi nab\u00edzen\u00fd podzimn\u00ed hudebn\u00ed v\u00edkend) je ekonomicky n\u00e1ro\u010dn\u00fd. Po p\u00edsemn\u00e9 \u017e\u00e1dosti na email info@studiokokos.cz je platbu mo\u017eno rozlo\u017eit na dv\u011b poloviny. Platba prvn\u00ed p\u016flky do 20. \u0159\u00edjna 2020, druh\u00e1 p\u016flka do 20. listopadu 2020.<\/p>\n<p>Platit m\u016f\u017eete hotov\u011b \u2013 nejl\u00e9pe v Kokon\u00edn\u011b p\u0159\u00edmo A. Schernstein (2.patro, po telefonick\u00e9 domluv\u011b na +420 774 254 243.) Nebo na \u010d\u00edslo \u00fa\u010dtu 2400531774\/2010. Do zpr\u00e1vy pro p\u0159\u00edjemce napi\u0161te jm\u00e9no a p\u0159\u00edjmen\u00ed \u00fa\u010dastn\u00edka a p\u0159\u00edpadn\u00e9 d\u011blen\u00ed platby nebo platbu za celou kapelu + n\u00e1zev nav\u0161t\u011bvovan\u00e9 lekce\/lekc\u00ed.<\/p>\n<p>D\u011bkujeme za respektov\u00e1n\u00ed a t\u011b\u0161\u00edme se na spolupr\u00e1ci. Studio Kokos, z. s.<\/p>\n<p><a href=\"http:\/\/www.studiokokos.cz\/index.php\/cenik\/\"><strong>Cen\u00edk:<\/strong><\/a><\/p>\n<ul>\n<li>Pololetn\u00ed v\u00fduka:<\/li>\n<\/ul>\n<p>\u2022 Hudebn\u00ed nauka (60min) 1500,-\/pololet\u00ed<br \/>\n\u2022 Kokosbor (120min) 1000,-\/pololet\u00ed<br \/>\n\u2022 Skupinov\u00e1 v\u00fduka (60 min) 2000,-\/pololet\u00ed<\/p>\n<ul>\n<li>Lekce nez\u00e1visl\u00e9 na pololet\u00ed:<\/li>\n<\/ul>\n<p>\u2022 Kapely (90 min) *cena za kapelu 750,-*\/1 lekci, 4000,-*\/6 lekc\u00ed, 8500,-*\/13 lekc\u00ed (- plat\u00ed jeden \u010dlen kapely celou \u010d\u00e1stku)<br \/>\n\u2022 Individu\u00e1ln\u00ed v\u00fduka: Kytara, klav\u00edr, ukulele, zp\u011bv, bic\u00ed, zobcov\u00e1 fl\u00e9tna &#8230;<br \/>\n350,-\/1 lekci, 2000,-\/6 lekc\u00ed, 4000,-\/ 13 lekc\u00ed<br \/>\n\u2022 V.I.P hodiny u Alenky (90 min) 600,-\/ 1 lekci, 3000,-\/6 lekc\u00ed, 6000,-\/ 13 lekc\u00ed<\/p>\n","protected":false},"excerpt":{"rendered":"<p>Platba za pololetn\u00ed v\u00fduku: Platbu pros\u00edm uhra\u010fte v prvn\u00edm pololet\u00ed do 20. 10. 2020 a v pololet\u00ed druh\u00e9m do 20. 2. 2021. V p\u0159\u00edpad\u011b neuhrazen\u00ed bude va\u0161e m\u00edsto v lekci nab\u00eddnuto dal\u0161\u00edm z\u00e1jemc\u016fm.\u00a0 Platba za lekce nez\u00e1visle na pololet\u00ed: Platbu &hellip; <a href=\"https:\/\/www.studiokokos.cz\/index.php\/platba-a-cenik\/\">Cel\u00fd p\u0159\u00edsp\u011bvek <span class=\"meta-nav\">&rarr;<\/span><\/a><\/p>\n","protected":false},"author":1,"featured_media":0,"parent":0,"menu_order":0,"comment_status":"closed","ping_status":"closed","template":"","meta":{"spay_email":""},"_links":{"self":[{"href":"https:\/\/www.studiokokos.cz\/index.php\/wp-json\/wp\/v2\/pages\/814"}],"collection":[{"href":"https:\/\/www.studiokokos.cz\/index.php\/wp-json\/wp\/v2\/pages"}],"about":[{"href":"https:\/\/www.studiokokos.cz\/index.php\/wp-json\/wp\/v2\/types\/page"}],"author":[{"embeddable":true,"href":"https:\/\/www.studiokokos.cz\/index.php\/wp-json\/wp\/v2\/users\/1"}],"replies":[{"embeddable":true,"href":"https:\/\/www.studiokokos.cz\/index.php\/wp-json\/wp\/v2\/comments?post=814"}],"version-history":[{"count":0,"href":"https:\/\/www.studiokokos.cz\/index.php\/wp-json\/wp\/v2\/pages\/814\/revisions"}],"wp:attachment":[{"href":"https:\/\/www.studiokokos.cz\/index.php\/wp-json\/wp\/v2\/media?parent=814"}],"curies":[{"name":"wp","href":"https:\/\/api.w.org\/{rel}","templated":true}]}}