{"id":840,"date":"2020-10-17T19:44:41","date_gmt":"2020-10-17T19:44:41","guid":{"rendered":"http:\/\/www.studiokokos.cz\/?page_id=840"},"modified":"2021-03-05T20:23:36","modified_gmt":"2021-03-05T20:23:36","slug":"hudebni-nauka","status":"publish","type":"page","link":"https:\/\/www.studiokokos.cz\/index.php\/hudebni-nauka\/","title":{"rendered":"Hudebn\u00ed nauka s Alenkou"},"content":{"rendered":"<p style=\"text-align: center;\"><span style=\"color: #ff0000;\"><strong><a style=\"color: #ff0000;\" href=\"https:\/\/docs.google.com\/forms\/d\/e\/1FAIpQLSeGmvrf5AeKz3OAN9J6nQ-n_ODmsmgG7eO5oASxdEFKcXjrbA\/viewform?fbclid=IwAR1QFW5RZ67NqtbB5yvCIQNoq9d4n6ql902XQh-TVozFRIRvTvzSO5ng1Ck\">P\u0158IHLA\u0160 SE NA HUDEBN\u00cd NAUKU ZDE<\/a><\/strong><\/span><\/p>\n<p style=\"text-align: center;\">V\u00edtejte na str\u00e1nce, kter\u00e1 vznikla d\u00edky distan\u010dn\u00edmu sv\u011btu kolem n\u00e1s \ud83d\ude42<br \/>\nPostupn\u011b budu nat\u00e1\u010det lekce, ke kter\u00fdm se m\u016f\u017eete dostat, kdy\u017e mi nap\u00ed\u0161ete na<br \/>\n<span style=\"color: #339966;\">mail info@studiokokos.cz a do p\u0159edm\u011btu nap\u00ed\u0161ete HUDEBNI NAUKA<\/span>.<\/p>\n<h1 style=\"text-align: center;\"><a href=\"https:\/\/www.youtube.com\/watch?v=SXKLyIYzmm0&amp;feature=youtu.be&amp;fbclid=IwAR1kno17VYk0F0QNfSYzA9Eo6b2NXVVEMGDNAgd9r7ibHnQBiiw91YRqK0U\"><span style=\"color: #ff0000;\"><strong>!!! VESEL\u00c1 UK\u00c1ZKA z prvn\u00edch t\u0159\u00ed LEKC\u00cd JE TADY !!!<\/strong><\/span><\/a><\/h1>\n<p><a href=\"https:\/\/www.youtube.com\/watch?v=SXKLyIYzmm0&amp;t=2s\"><img loading=\"lazy\" class=\" wp-image-888 aligncenter\" src=\"http:\/\/www.studiokokos.cz\/wp-content\/uploads\/2020\/10\/Sn\u00edmek-obrazovky-2020-10-22-v-1.05.46.png\" alt=\"\" width=\"295\" height=\"168\" \/><\/a><\/p>\n<h2 style=\"text-align: center;\"><a href=\"https:\/\/www.youtube.com\/watch?v=70OJMVD_EcY\"><span style=\"color: #339966;\"><strong>!!! UPOUT\u00c1VKA II z dal\u0161\u00edch nato\u010den\u00fdch lekc\u00ed JE TADY !!!<\/strong><\/span><\/a><\/h2>\n<p><a href=\"https:\/\/www.youtube.com\/watch?v=70OJMVD_EcY\"><img loading=\"lazy\" class=\"wp-image-979 aligncenter\" src=\"http:\/\/www.studiokokos.cz\/wp-content\/uploads\/2021\/03\/Sn\u00edmek-obrazovky-2021-03-05-v-11.19.39.png\" alt=\"\" width=\"297\" height=\"171\" \/><\/a><\/p>\n<h6 style=\"text-align: center;\"><strong><span style=\"color: #ff0000;\"><a style=\"color: #ff0000;\" href=\"https:\/\/www.youtube.com\/watch?v=PoArBk5uGZo&amp;feature=youtu.be\">!!! UK\u00c1ZKA Z POSLEDN\u00cd LEKCE &#8211; vesel\u00e9 uk\u00e1zky r\u016fzn\u00fdch aran\u017e\u00ed skladeb !!! ZDE!!!<\/a><\/span><\/strong><\/h6>\n<p><a href=\"https:\/\/www.youtube.com\/watch?v=PoArBk5uGZo&amp;t=1s\"><img loading=\"lazy\" class=\"size-full wp-image-975 aligncenter\" src=\"http:\/\/www.studiokokos.cz\/wp-content\/uploads\/2021\/03\/foto-aranze.jpeg\" alt=\"\" width=\"1612\" height=\"514\" srcset=\"https:\/\/www.studiokokos.cz\/wp-content\/uploads\/2021\/03\/foto-aranze.jpeg 1612w, https:\/\/www.studiokokos.cz\/wp-content\/uploads\/2021\/03\/foto-aranze-300x96.jpeg 300w, https:\/\/www.studiokokos.cz\/wp-content\/uploads\/2021\/03\/foto-aranze-768x245.jpeg 768w, https:\/\/www.studiokokos.cz\/wp-content\/uploads\/2021\/03\/foto-aranze-1024x327.jpeg 1024w, https:\/\/www.studiokokos.cz\/wp-content\/uploads\/2021\/03\/foto-aranze-500x159.jpeg 500w\" sizes=\"(max-width: 1612px) 100vw, 1612px\" \/><\/a><\/p>\n<p style=\"text-align: center;\">Po zaplacen\u00ed kurzovn\u00e9ho z\u00edsk\u00e1te p\u0159\u00edstup ke konkr\u00e9tn\u00ed lekci nebo k cel\u00e9mu kurzu<br \/>\n(dle va\u0161eho v\u00fdb\u011bru). \u017d\u00e1ci, kte\u0159\u00ed cht\u011bj\u00ed vyu\u017e\u00edt n\u011bkter\u00e9 lekce jako suplovan\u00e9 distan\u010dn\u00ed hodiny, nen\u00ed probl\u00e9m, napi\u0161te lektorovi i mn\u011b \ud83d\ude42 Ke ka\u017ed\u00e9 lekci m\u016f\u017eete vyu\u017e\u00edt t\u0159eba i online konzultaci se mnou &#8211; na zodpov\u011bzen\u00ed nejasnost\u00ed nebo jin\u00fdch dotaz\u016f k l\u00e1tce. Aby to nebylo zam\u011bnov\u00e1no s individualn\u00ed online lekc\u00ed, tak konzultace do 15min pros\u00edm. Ale douf\u00e1m, \u017ee se mi poda\u0159\u00ed lekce p\u0159ipravit tak, \u017ee dotaz\u016f moc nebude :-)) Ke ka\u017ed\u00e9 lekci bude p\u0159ipraven i test\u00edk, kter\u00fd si na t\u00e9to str\u00e1nce st\u00e1hnete a vytisknete. bude obsahovat test na jedn\u00e9 str\u00e1nce a tak\u00e9 spr\u00e1vn\u00e9 \u0159e\u0161en\u00ed na t\u00e9 druh\u00e9 str\u00e1nce.<\/p>\n<p style=\"text-align: center;\"><span style=\"color: #3366ff;\">Aby v\u00e1m video fungovalo a mohli jste k n\u011bmu z\u00edskat p\u0159\u00edstup, je pot\u0159eba m\u00edt \u00fa\u010det na Youtube (sou\u010d\u00e1st Googlu).\u00a0Ide\u00e1ln\u011b mi napi\u0161te z emailu @gmail.com, pod kter\u00fdm m\u00e1te p\u0159ihl\u00e1\u0161en\u00fd sv\u016fj Youtube kan\u00e1l. P\u0159\u00edpadn\u011b si ho mus\u00edte zalo\u017eit.\u00a0Ze zku\u0161enost\u00ed &#8211; \u010dasto pad\u00e1 do nevy\u017e\u00e1dan\u00e9 po\u0161ty, p\u0159\u00edpadn\u011b po\u0161ty &#8220;soci\u00e1ln\u00ed s\u00edt\u011b&#8221;, tak mrkn\u011bte i tam \ud83d\ude42<\/span><br \/>\n<img loading=\"lazy\" class=\"alignnone size-full wp-image-846\" src=\"http:\/\/www.studiokokos.cz\/wp-content\/uploads\/2020\/10\/Sn\u00edmek-obrazovky-2020-10-17-v-23.11.06.png\" alt=\"\" width=\"705\" height=\"192\" srcset=\"https:\/\/www.studiokokos.cz\/wp-content\/uploads\/2020\/10\/Sn\u00edmek-obrazovky-2020-10-17-v-23.11.06.png 705w, https:\/\/www.studiokokos.cz\/wp-content\/uploads\/2020\/10\/Sn\u00edmek-obrazovky-2020-10-17-v-23.11.06-300x82.png 300w, https:\/\/www.studiokokos.cz\/wp-content\/uploads\/2020\/10\/Sn\u00edmek-obrazovky-2020-10-17-v-23.11.06-500x136.png 500w\" sizes=\"(max-width: 705px) 100vw, 705px\" \/><\/p>\n<p style=\"text-align: center;\"><strong>Cel\u00fd kurz komplet&#8230;&#8230;&#8230;&#8230;&#8230;&#8230;&#8230;&#8230; 1000,-<\/strong><br \/>\n<strong>Jedna lekce&#8230;&#8230;&#8230;&#8230;&#8230;&#8230;&#8230;&#8230;&#8230;&#8230;&#8230;&#8230;200,-<\/strong><\/p>\n<p style=\"text-align: center;\"><span style=\"color: #800000;\">\u010c\u00edslo \u00fa\u010dtu: 2400531774\/2010, VS: 010121, do pozn\u00e1mky napi\u0161te sv\u00e9 jm\u00e9no<\/span><\/p>\n<hr \/>\n<p style=\"text-align: left;\"><strong>OBSAH JEDNOTLIV\u00ddCH LEKC\u00cd<\/strong><\/p>\n<p>Na lekc\u00edch se teprve pracuje, jsou nahr\u00e1v\u00e1ny v re\u00e1ln\u00e9m \u010dase s max dv\u011bma \u017e\u00e1ky, kte\u0159\u00ed mohou do lekce zasahovat a pt\u00e1t se na nejasnosti, co\u017e m\u016f\u017ee b\u00fdt pro v\u00e1s poslucha\u010de velmi p\u0159\u00ednosn\u00e9 \ud83d\ude42 Video je pak sest\u0159\u00edhan\u00e9 a dopl\u0148en\u00e9 t\u0159eba o uk\u00e1zky, noty atd.. Aktu\u00e1ln\u00ed stav ji\u017e hotov\u00fdch lekc\u00ed uvid\u00edte na t\u00e9to str\u00e1nce, kde budu n\u00e1sleduj\u00edc\u00ed osnovu aktualizovat. Zat\u00edm se pod\u00edvejte, na co se m\u016f\u017eete t\u011b\u0161it \ud83d\ude42<\/p>\n<ol style=\"text-align: left;\">\n<li><strong>\u00davod do nauky, z\u00e1kladn\u00ed pojmy <span style=\"color: #339966;\"><a href=\"https:\/\/youtu.be\/83iK_BdpDbs\"><span style=\"color: #3366ff;\">\u00a0HOVOTO &#8211; odkaz na lekci ZDE<\/span><\/a><\/span><\/strong><\/li>\n<\/ol>\n<p style=\"text-align: left;\">\u00a0 \u00a0 \u00a0 \u00a0 obsah a p\u0159ehled cel\u00e9ho kurzu, tempo, v\u00fd\u0161ka a d\u00e9lka t\u00f3nu, ozna\u010den\u00ed not &#8211; 49min<\/p>\n<p>\u00a0 \u00a0 <span style=\"color: #3366ff;\">\u00a0 <img loading=\"lazy\" class=\" wp-image-885 alignleft\" src=\"http:\/\/www.studiokokos.cz\/wp-content\/uploads\/2020\/10\/Sn\u00edmek-obrazovky-2020-10-21-v-0.35.24.jpg\" alt=\"\" width=\"124\" height=\"124\" srcset=\"https:\/\/www.studiokokos.cz\/wp-content\/uploads\/2020\/10\/Sn\u00edmek-obrazovky-2020-10-21-v-0.35.24.jpg 835w, https:\/\/www.studiokokos.cz\/wp-content\/uploads\/2020\/10\/Sn\u00edmek-obrazovky-2020-10-21-v-0.35.24-150x150.jpg 150w, https:\/\/www.studiokokos.cz\/wp-content\/uploads\/2020\/10\/Sn\u00edmek-obrazovky-2020-10-21-v-0.35.24-100x100.jpg 100w, https:\/\/www.studiokokos.cz\/wp-content\/uploads\/2020\/10\/Sn\u00edmek-obrazovky-2020-10-21-v-0.35.24-300x300.jpg 300w, https:\/\/www.studiokokos.cz\/wp-content\/uploads\/2020\/10\/Sn\u00edmek-obrazovky-2020-10-21-v-0.35.24-768x768.jpg 768w\" sizes=\"(max-width: 124px) 100vw, 124px\" \/>\u00a0\u00a0<\/span><\/p>\n<p><a href=\"http:\/\/www.studiokokos.cz\/wp-content\/uploads\/2020\/10\/1.lekce-vytisknout-k-lekci.pdf\"><span style=\"color: #3366ff;\">\u00a0 \u00a0 \u00a0 \u00a0 \u00a0Vytisknout k lekci<\/span><\/a><\/p>\n<p><span style=\"color: #3366ff;\"><a style=\"color: #3366ff;\" href=\"http:\/\/www.studiokokos.cz\/wp-content\/uploads\/2020\/10\/1.LEKCE-test.pdf\">\u00a0 \u00a0 \u00a0 \u00a0 \u00a0Test k lekci JE ZDE<\/a><\/span><\/p>\n<p>Pod\u011bkov\u00e1n\u00ed pat\u0159\u00ed Ondrovi Lelkovi za asistenci \ud83d\ude42<\/p>\n<hr \/>\n<ol style=\"text-align: left;\" start=\"2\">\n<li><strong>Durov\u00e9 stupnice <span style=\"color: #3366ff;\"><a style=\"color: #3366ff;\" href=\"https:\/\/www.youtube.com\/watch?v=e5JQ0F2KSqk\"><span style=\"color: #3366ff;\">&#8211; HOTOVO &#8211; odkaz na lekci ZDE<\/span><\/a><\/span><\/strong><\/li>\n<\/ol>\n<p style=\"text-align: left;\">\u00a0 \u00a0 \u00a0 \u00a0 durov\u00e9 stupnice s k\u0159\u00ed\u017eky i s b\u00e9\u010dky, orientace na klaviatu\u0159e, basov\u00fd kl\u00ed\u010d &#8211; 48min<\/p>\n<p><span style=\"color: #3366ff;\">\u00a0 \u00a0 \u00a0 \u00a0 <img loading=\"lazy\" class=\" wp-image-884 alignleft\" src=\"http:\/\/www.studiokokos.cz\/wp-content\/uploads\/2020\/10\/121981928_265698024813320_6493291338262384033_n.jpg\" alt=\"\" width=\"123\" height=\"123\" srcset=\"https:\/\/www.studiokokos.cz\/wp-content\/uploads\/2020\/10\/121981928_265698024813320_6493291338262384033_n.jpg 544w, https:\/\/www.studiokokos.cz\/wp-content\/uploads\/2020\/10\/121981928_265698024813320_6493291338262384033_n-150x150.jpg 150w, https:\/\/www.studiokokos.cz\/wp-content\/uploads\/2020\/10\/121981928_265698024813320_6493291338262384033_n-100x100.jpg 100w, https:\/\/www.studiokokos.cz\/wp-content\/uploads\/2020\/10\/121981928_265698024813320_6493291338262384033_n-300x300.jpg 300w\" sizes=\"(max-width: 123px) 100vw, 123px\" \/>\u00a0<\/span><\/p>\n<p><span style=\"color: #3366ff;\"><a style=\"color: #3366ff;\" href=\"http:\/\/www.studiokokos.cz\/wp-content\/uploads\/2020\/10\/2.lekce-vytisknout-k-lekci.pdf\">\u00a0 \u00a0 \u00a0 \u00a0 \u00a0 Vytisknout k lekci<\/a> <\/span><\/p>\n<p><span style=\"color: #3366ff;\"><a style=\"color: #3366ff;\" href=\"http:\/\/www.studiokokos.cz\/wp-content\/uploads\/2020\/10\/2.LEKCE-test.pdf\">\u00a0 \u00a0 \u00a0 \u00a0 \u00a0Test k lekci JE ZDE<\/a><\/span><\/p>\n<p>Pod\u011bkov\u00e1n\u00ed pat\u0159\u00ed Bobovi za asistenci \ud83d\ude42<\/p>\n<hr \/>\n<ol style=\"text-align: left;\" start=\"3\">\n<li><strong>Intervaly <a href=\"https:\/\/www.youtube.com\/watch?v=cWgPF1vZhUw&amp;feature=youtu.be\"><span style=\"color: #3366ff;\">&#8211; HOTOVO &#8211; odkaz na lekci ZDE<\/span><\/a><span style=\"color: #ff6600;\"><br \/>\n<\/span><\/strong><\/li>\n<\/ol>\n<p style=\"text-align: left;\">\u00a0 \u00a0 \u00a0 \u00a0z\u00e1kladn\u00ed i odvozen\u00e9 intervaly, pozn\u00e1n\u00ed interval\u016f v not\u00e1ch i po sluchu &#8211; 61min<\/p>\n<p style=\"text-align: left;\"><span style=\"color: #3366ff;\"><a style=\"color: #3366ff;\" href=\"http:\/\/www.studiokokos.cz\/wp-content\/uploads\/2020\/10\/3.lekce-intervaly.pdf\" target=\"_blank\" rel=\"noopener noreferrer\"><img loading=\"lazy\" class=\" wp-image-883 alignleft\" src=\"http:\/\/www.studiokokos.cz\/wp-content\/uploads\/2020\/10\/IMG_1393.jpg\" alt=\"\" width=\"128\" height=\"128\" srcset=\"https:\/\/www.studiokokos.cz\/wp-content\/uploads\/2020\/10\/IMG_1393.jpg 1935w, https:\/\/www.studiokokos.cz\/wp-content\/uploads\/2020\/10\/IMG_1393-150x150.jpg 150w, https:\/\/www.studiokokos.cz\/wp-content\/uploads\/2020\/10\/IMG_1393-100x100.jpg 100w, https:\/\/www.studiokokos.cz\/wp-content\/uploads\/2020\/10\/IMG_1393-300x300.jpg 300w, https:\/\/www.studiokokos.cz\/wp-content\/uploads\/2020\/10\/IMG_1393-768x768.jpg 768w, https:\/\/www.studiokokos.cz\/wp-content\/uploads\/2020\/10\/IMG_1393-1024x1024.jpg 1024w\" sizes=\"(max-width: 128px) 100vw, 128px\" \/><\/a><\/span><\/p>\n<p><span style=\"color: #3366ff;\"><a style=\"color: #3366ff;\" href=\"http:\/\/www.studiokokos.cz\/wp-content\/uploads\/2020\/10\/3.lekce-intervaly.pdf\" target=\"_blank\" rel=\"noopener noreferrer\">\u00a0 \u00a0 \u00a0 <\/a><\/span><\/p>\n<p><span style=\"color: #3366ff;\"><a style=\"color: #3366ff;\" href=\"http:\/\/www.studiokokos.cz\/wp-content\/uploads\/2020\/10\/3.lekce-intervaly.pdf\" target=\"_blank\" rel=\"noopener noreferrer\">\u00a0 \u00a0 \u00a0 Vytisknout k lekci<\/a><\/span><\/p>\n<p><span style=\"color: #3366ff;\"><a style=\"color: #3366ff;\" href=\"http:\/\/www.studiokokos.cz\/wp-content\/uploads\/2020\/10\/3.lekce-test.pdf\" target=\"_blank\" rel=\"noopener noreferrer\">\u00a0 \u00a0 \u00a0 Test k lekci JE ZDE<\/a><\/span><\/p>\n<p>Pod\u011bkov\u00e1n\u00ed pat\u0159\u00ed Bobovi za asistenci \ud83d\ude42<\/p>\n<hr \/>\n<p>&nbsp;<\/p>\n<p><strong>\u00a0 \u00a0 4. Durov\u00e9 akordy <span style=\"color: #0000ff;\"><a style=\"color: #0000ff;\" href=\"https:\/\/www.youtube.com\/watch?v=4kD8M9gWKNs&amp;feature=youtu.be\">&#8211; <span style=\"color: #3366ff;\">HOTOVO &#8211; odkaz na lekci ZDE<\/span><\/a><\/span><\/strong><\/p>\n<p style=\"text-align: left;\">(tvorba akordu i jeho obrat\u016f, obraty akord\u016f v r\u016fzn\u00fdch t\u00f3nin\u00e1ch, pozn\u00e1n\u00ed po sluchu) -41min<\/p>\n<p><img loading=\"lazy\" class=\" wp-image-910 alignleft\" src=\"http:\/\/www.studiokokos.cz\/wp-content\/uploads\/2020\/10\/IMG_1449.jpg\" alt=\"\" width=\"137\" height=\"137\" srcset=\"https:\/\/www.studiokokos.cz\/wp-content\/uploads\/2020\/10\/IMG_1449.jpg 2300w, https:\/\/www.studiokokos.cz\/wp-content\/uploads\/2020\/10\/IMG_1449-150x150.jpg 150w, https:\/\/www.studiokokos.cz\/wp-content\/uploads\/2020\/10\/IMG_1449-100x100.jpg 100w, https:\/\/www.studiokokos.cz\/wp-content\/uploads\/2020\/10\/IMG_1449-300x300.jpg 300w, https:\/\/www.studiokokos.cz\/wp-content\/uploads\/2020\/10\/IMG_1449-768x768.jpg 768w, https:\/\/www.studiokokos.cz\/wp-content\/uploads\/2020\/10\/IMG_1449-1024x1024.jpg 1024w\" sizes=\"(max-width: 137px) 100vw, 137px\" \/><\/p>\n<p>&nbsp;<\/p>\n<p><span style=\"color: #3366ff;\"><a style=\"color: #3366ff;\" href=\"http:\/\/www.studiokokos.cz\/wp-content\/uploads\/2020\/10\/4.lekce-DUROVE-AKORDY.pdf\" target=\"_blank\" rel=\"noopener noreferrer\">Vytisknout k lekci<\/a><\/span><\/p>\n<p><span style=\"color: #3366ff;\"><a style=\"color: #3366ff;\" href=\"http:\/\/www.studiokokos.cz\/wp-content\/uploads\/2020\/10\/4.lekce-AKORDY-test.pdf\" target=\"_blank\" rel=\"noopener noreferrer\">Test k lekci JE ZDE<\/a><\/span><\/p>\n<p>Pod\u011bkov\u00e1n\u00ed pat\u0159\u00ed Bobovi za asistenci \ud83d\ude42<\/p>\n<hr \/>\n<p><strong>\u00a0 <\/strong><\/p>\n<p><strong>\u00a0 \u00a0 5. Mollov\u00e9 stupnice a akordy <a href=\"https:\/\/www.youtube.com\/watch?v=OH72I_3ad0o&amp;feature=youtu.be\"><span style=\"color: #3366ff;\">&#8211; HOTOVO &#8211; odkaz na lekci ZDE<\/span><\/a><\/strong><\/p>\n<p style=\"text-align: left;\">\u00a0\u00a0\u00a0\u00a0\u00a0 (rozd\u00edly dur X moll, tvorba moll akord\u016f, procvi\u010dov\u00e1n\u00ed, pozn\u00e1n\u00ed po sluchu) &#8211; 52min<\/p>\n<p><img loading=\"lazy\" class=\"wp-image-919 alignleft\" src=\"http:\/\/www.studiokokos.cz\/wp-content\/uploads\/2020\/11\/IMG_1967.jpg\" alt=\"\" width=\"136\" height=\"136\" \/><\/p>\n<p>&nbsp;<\/p>\n<p><span style=\"color: #3366ff;\"><a style=\"color: #3366ff;\" href=\"http:\/\/www.studiokokos.cz\/wp-content\/uploads\/2020\/11\/5.lekce-moll-stupnice-a-akordy.pdf\" target=\"_blank\" rel=\"noopener noreferrer\">Vytisknout k lekci<\/a><\/span><\/p>\n<p><span style=\"color: #3366ff;\"><a style=\"color: #3366ff;\" href=\"http:\/\/www.studiokokos.cz\/wp-content\/uploads\/2020\/11\/5.lekce-test-komplet-1.pdf\" target=\"_blank\" rel=\"noopener noreferrer\">Test k lekci JE ZDE<\/a><\/span><\/p>\n<p>Pod\u011bkov\u00e1n\u00ed pat\u0159\u00ed Bobovi a Robovi Tich\u00e9mu za asistenci \ud83d\ude42<\/p>\n<hr \/>\n<p>&nbsp;<\/p>\n<p><strong>\u00a0 \u00a0 6. Z\u00e1kladn\u00ed harmonick\u00e9 funkce<span style=\"color: #0000ff;\"> <a style=\"color: #0000ff;\" href=\"https:\/\/www.youtube.com\/watch?v=CF6A4wcI1Vc&amp;feature=youtu.be\"><span style=\"color: #3366ff;\">HOTOVO &#8211; odkaz na lekci ZDE<\/span><\/a><\/span><\/strong><\/p>\n<p>(kvartov\u00fd a kvintov\u00fd kruh, mo\u017enosti doprovodu, transponov\u00e1n\u00ed p\u00edsn\u00ed. Harmonick\u00e9 \u00a0 \u00a0 \u00a0 funkce hlavn\u00ed i vedlej\u0161\u00ed, pou\u017eit\u00ed capodastru) &#8211; 63min<\/p>\n<p><img loading=\"lazy\" class=\"wp-image-934 alignleft\" src=\"http:\/\/www.studiokokos.cz\/wp-content\/uploads\/2021\/01\/IMG_2672.jpg\" alt=\"\" width=\"134\" height=\"134\" \/><\/p>\n<p>&nbsp;<\/p>\n<p><a href=\"http:\/\/www.studiokokos.cz\/wp-content\/uploads\/2021\/01\/6.lekce-HARMONICKE-FUNKCE.pdf\" target=\"_blank\" rel=\"noopener noreferrer\">Vytisknout k lekci<\/a><\/p>\n<p><a href=\"http:\/\/www.studiokokos.cz\/wp-content\/uploads\/2021\/01\/6.lekce-TEST-HARMONICKE-FUNKCE.pdf\">Test k lekci JE ZDE<\/a><\/p>\n<p>Pod\u011bkov\u00e1n\u00ed pat\u0159\u00ed Bobovi za asistenci \ud83d\ude42<\/p>\n<hr \/>\n<p>&nbsp;<\/p>\n<p><strong>\u00a0 \u00a0 \u00a0 7. \u00a0Tvorba vok\u00e1l\u016f <span style=\"color: #3366ff;\">&#8211; HOTOVO<\/span><br \/>\n<\/strong>(Tvorba dvojhlasu a trojhlasu v p\u00edsn\u00edch. Mo\u017enost zazp\u00edvat chyb\u011bj\u00edc\u00ed hlas v konkr\u00e9tn\u00edch p\u00edsn\u00edch, stavba \u010dty\u0159hlasu, k\u0159\u00ed\u017een\u00ed vok\u00e1l\u016f, rozbor konkr\u00e9tn\u00edch p\u00edsn\u00ed)<\/p>\n<p><span style=\"color: #3366ff;\"><strong><a style=\"color: #3366ff;\" href=\"https:\/\/www.youtube.com\/watch?v=LS-csvAfcJA&amp;feature=youtu.be\">VIDEO &#8211; 1. \u010d\u00e1st lekce JE ZDE<\/a><\/strong><\/span> &#8211; 61min<\/p>\n<p><strong><span style=\"color: #3366ff;\"><a style=\"color: #3366ff;\" href=\"https:\/\/youtu.be\/i3IwNxC9VKk\">VIDEO &#8211; 2. \u010d\u00e1st lekce JE ZDE<\/a><\/span><\/strong> &#8211; 29min<br \/>\n(v 23.minut\u011b je uk\u00e1zka p\u00edsn\u011b Alkoholick\u00e1, Youtube ji p\u0159es autorsk\u00e1 pr\u00e1va nepustil, tak si ji pus\u0165te zvl\u00e1\u0161\u0165 \ud83d\ude42 odkaz tady m\u00e1te v textu.. p\u0159\u00edpadn\u011b mohu lekci poslat \u00faschovnou, pokud budete cht\u00edt)<\/p>\n<p><strong><span style=\"color: #3366ff;\"><a style=\"color: #3366ff;\" href=\"https:\/\/youtu.be\/KZYl1DOND6g\">VIDEO &#8211; dopl\u0148kov\u00e9 k testu<\/a><\/span><\/strong> &#8211; 9min<\/p>\n<p><img loading=\"lazy\" class=\" wp-image-942 alignleft\" src=\"http:\/\/www.studiokokos.cz\/wp-content\/uploads\/2021\/01\/IMG_2762.jpg\" alt=\"\" width=\"151\" height=\"151\" srcset=\"https:\/\/www.studiokokos.cz\/wp-content\/uploads\/2021\/01\/IMG_2762.jpg 734w, https:\/\/www.studiokokos.cz\/wp-content\/uploads\/2021\/01\/IMG_2762-150x150.jpg 150w, https:\/\/www.studiokokos.cz\/wp-content\/uploads\/2021\/01\/IMG_2762-100x100.jpg 100w, https:\/\/www.studiokokos.cz\/wp-content\/uploads\/2021\/01\/IMG_2762-300x300.jpg 300w\" sizes=\"(max-width: 151px) 100vw, 151px\" \/><\/p>\n<p><a href=\"http:\/\/www.studiokokos.cz\/wp-content\/uploads\/2021\/01\/7.lekce-tvorba-vicehlasu.pdf\" target=\"_blank\" rel=\"noopener noreferrer\">Vytisknout k lekci<\/a><\/p>\n<p><a href=\"http:\/\/www.studiokokos.cz\/wp-content\/uploads\/2021\/01\/7.lekce-tvorba-vicehlasu-TEST.pdf\" target=\"_blank\" rel=\"noopener noreferrer\">Test k lekci je ZDE<\/a><\/p>\n<p>Odkazy k prob\u00edran\u00fdm p\u00edsni\u010dk\u00e1m v 2.\u010d\u00e1sti lekci:<br \/>\n<span style=\"color: #008000;\"><a style=\"color: #008000;\" href=\"https:\/\/www.youtube.com\/watch?v=N-Q9AX-RKQU\">&#8220;Someday&#8221; &#8211; Blue Highway<\/a><\/span><br \/>\n<span style=\"color: #008000;\"><a style=\"color: #008000;\" href=\"https:\/\/www.youtube.com\/watch?v=LRP8d7hhpoQ\">&#8220;Hallelujah&#8221; &#8211; Pentatonix<\/a><\/span><br \/>\n<span style=\"color: #008000;\"><a style=\"color: #008000;\" href=\"https:\/\/www.youtube.com\/watch?v=cMLkqFOIsYk\">&#8220;Alkoholick\u00e1&#8221; &#8211; Skety<\/a><\/span><br \/>\n<span style=\"color: #008000;\"><a style=\"color: #008000;\" href=\"https:\/\/www.youtube.com\/watch?v=f43nR8Wu_1Y\">&#8220;Something Stupid&#8221; &#8211; Robbie Williams a Nicole Kidman<\/a><\/span><br \/>\nOdkazy k p\u0159ipraven\u00e9mu testu:<br \/>\n<span style=\"color: #008000;\"><a style=\"color: #008000;\" href=\"https:\/\/www.youtube.com\/watch?v=dYnS6WGjATU\">&#8220;White dove&#8221; &#8211; Scorpions<\/a><\/span><br \/>\n<span style=\"color: #008000;\"><a style=\"color: #008000;\" href=\"https:\/\/www.youtube.com\/watch?v=krGSW0mWPfk\">&#8220;Hru\u0161ka&#8221; &#8211; \u010cechomor<\/a><\/span><br \/>\n<span style=\"color: #008000;\"><a style=\"color: #008000;\" href=\"https:\/\/www.youtube.com\/watch?v=GW3BtkF0AAw\">&#8220;Amazing Grace&#8221; &#8211; verze od Ladybirds<\/a><\/span><\/p>\n<p>Pod\u011bkov\u00e1n\u00ed pat\u0159\u00ed Bobovi, Zuzan\u011b \u0160\u00edrov\u00e9 a Hance \u010cern\u00e9 za asistenci \ud83d\ude42<\/p>\n<hr \/>\n<p><strong><br \/>\n8. Stavba skladby &#8211;<span style=\"color: #3366ff;\"> HOTOVO &#8211; lekce je ZDE<\/span><br \/>\n<\/strong>\u00a0 (\u010d\u00e1sti skladeb, rozbor konkr\u00e9tn\u00ed p\u00edsn\u011b, \u017e\u00e1nrov\u00e9 rozd\u011blen\u00ed a par\u00e1dn\u00ed videouk\u00e1zky) &#8211; 58min<\/p>\n<p><img loading=\"lazy\" class=\"wp-image-967 alignleft\" src=\"http:\/\/www.studiokokos.cz\/wp-content\/uploads\/2021\/02\/IMG_3591.jpg\" alt=\"\" width=\"142\" height=\"142\" srcset=\"https:\/\/www.studiokokos.cz\/wp-content\/uploads\/2021\/02\/IMG_3591.jpg 1932w, https:\/\/www.studiokokos.cz\/wp-content\/uploads\/2021\/02\/IMG_3591-150x150.jpg 150w, https:\/\/www.studiokokos.cz\/wp-content\/uploads\/2021\/02\/IMG_3591-100x100.jpg 100w, https:\/\/www.studiokokos.cz\/wp-content\/uploads\/2021\/02\/IMG_3591-300x300.jpg 300w, https:\/\/www.studiokokos.cz\/wp-content\/uploads\/2021\/02\/IMG_3591-768x768.jpg 768w, https:\/\/www.studiokokos.cz\/wp-content\/uploads\/2021\/02\/IMG_3591-1024x1024.jpg 1024w\" sizes=\"(max-width: 142px) 100vw, 142px\" \/><a href=\"http:\/\/www.studiokokos.cz\/wp-content\/uploads\/2021\/03\/8.lekce-stavba-skladby.pdf\">Vytisknout k lekci<\/a><\/p>\n<p><a href=\"http:\/\/www.studiokokos.cz\/wp-content\/uploads\/2021\/03\/8.lekce-Scorpions-zpracovany.pdf\">White Dove-Scorpions (zpracovan\u00fd)<\/a><\/p>\n<p><a href=\"http:\/\/www.studiokokos.cz\/wp-content\/uploads\/2021\/03\/8.lekce-TEST.pdf\">Test k lekci ZDE<\/a><\/p>\n<p><a href=\"http:\/\/www.studiokokos.cz\/wp-content\/uploads\/2021\/03\/8.lekce-TEST-hotovy.pdf\">Test k lekci vypracovan\u00fd<\/a><\/p>\n<p>Pod\u011bkov\u00e1n\u00ed pat\u0159\u00ed Bobovi a Mat\u00fdskovi za asistenci \ud83d\ude42<\/p>\n<hr \/>\n<p>&nbsp;<\/p>\n","protected":false},"excerpt":{"rendered":"<p>P\u0158IHLA\u0160 SE NA HUDEBN\u00cd NAUKU ZDE V\u00edtejte na str\u00e1nce, kter\u00e1 vznikla d\u00edky distan\u010dn\u00edmu sv\u011btu kolem n\u00e1s \ud83d\ude42 Postupn\u011b budu nat\u00e1\u010det lekce, ke kter\u00fdm se m\u016f\u017eete dostat, kdy\u017e mi nap\u00ed\u0161ete na mail info@studiokokos.cz a do p\u0159edm\u011btu nap\u00ed\u0161ete HUDEBNI NAUKA. !!! VESEL\u00c1 &hellip; <a href=\"https:\/\/www.studiokokos.cz\/index.php\/hudebni-nauka\/\">Cel\u00fd p\u0159\u00edsp\u011bvek <span class=\"meta-nav\">&rarr;<\/span><\/a><\/p>\n","protected":false},"author":1,"featured_media":0,"parent":0,"menu_order":0,"comment_status":"closed","ping_status":"closed","template":"","meta":{"spay_email":""},"_links":{"self":[{"href":"https:\/\/www.studiokokos.cz\/index.php\/wp-json\/wp\/v2\/pages\/840"}],"collection":[{"href":"https:\/\/www.studiokokos.cz\/index.php\/wp-json\/wp\/v2\/pages"}],"about":[{"href":"https:\/\/www.studiokokos.cz\/index.php\/wp-json\/wp\/v2\/types\/page"}],"author":[{"embeddable":true,"href":"https:\/\/www.studiokokos.cz\/index.php\/wp-json\/wp\/v2\/users\/1"}],"replies":[{"embeddable":true,"href":"https:\/\/www.studiokokos.cz\/index.php\/wp-json\/wp\/v2\/comments?post=840"}],"version-history":[{"count":0,"href":"https:\/\/www.studiokokos.cz\/index.php\/wp-json\/wp\/v2\/pages\/840\/revisions"}],"wp:attachment":[{"href":"https:\/\/www.studiokokos.cz\/index.php\/wp-json\/wp\/v2\/media?parent=840"}],"curies":[{"name":"wp","href":"https:\/\/api.w.org\/{rel}","templated":true}]}}